{"id":15334,"date":"2022-11-21T14:51:04","date_gmt":"2022-11-21T14:51:04","guid":{"rendered":"https:\/\/ebla-co.net\/?post_type=product&#038;p=15334"},"modified":"2024-04-15T21:16:48","modified_gmt":"2024-04-15T21:16:48","slug":"aygips-machine-pro","status":"publish","type":"product","link":"https:\/\/ebla-co.net\/en\/termek\/aygips-machine-pro\/","title":{"rendered":"Aygips Machine Pro"},"content":{"rendered":"<p><strong>SZABV\u00c1NY<\/strong><br \/>\nTS EN 14496<\/p>\n<p><strong>LE\u00cdR\u00c1S<\/strong><br \/>\nG\u00e9pi alkalmaz\u00e1s\u00fa perlit gipsz alap\u00fa vakolat t\u00e9gl\u00e1ra, betonra, p\u00f3rusbetonra, szabad \u00e9g alatt l\u00e9v\u0151 beton-, habarcs- \u00e9s cementalap\u00fa vakolatfel\u00fcletekre.<\/p>\n<p><strong>AZ ALKALMAZ\u00c1SI FEL\u00dcLET EL\u0150K\u00c9SZ\u00cdT\u00c9SE<\/strong><br \/>\nAz alkalmaz\u00e1si fel\u00fcletet a tapad\u00e1st akad\u00e1lyoz\u00f3 anyagokt\u00f3l (por, olaj, szennyez\u0151d\u00e9s stb.) meg kell tiszt\u00edtani. A nagyon sz\u00e1raz \u00e9s forr\u00f3 fel\u00fcleteket nedves\u00edteni kell. A vakoland\u00f3 fel\u00fclet nem szabad t\u00falzott naps\u00fct\u00e9snek, szabad l\u00e9g\u00e1ramlatnak \u00e9s er\u0151s sz\u00e9lnek kitenni. A k\u00f6rnyezeti h\u0151m\u00e9rs\u00e9klet nem lehet +5 \u00b0C alatt \u00e9s +35 \u00b0C felett. Nem szabad t\u00fal alul-s\u00fct\u00f6tt t\u00e9glafel\u00fcletre felvinni. Fel\u00fclet f\u0171t\u00e9si m\u00f3dn\u00e1l alkalmazand\u00f3.<\/p>\n<p><strong>A HABARCS ELK\u00c9SZ\u00cdT\u00c9SE<\/strong><br \/>\nAz Aygips Machine Pro permetez\u0151 vakolat a gipsz\/v\u00edz ar\u00e1ny kever\u00e9s\u00e9vel k\u00e9sz\u00fcl a gipszg\u00e9pben.<\/p>\n<p><strong>ALKALMAZ\u00c1S<\/strong><br \/>\nA fogad\u00f3 fel\u00fcletnek, alapvakolatnak sz\u00e1raznak, teherb\u00edr\u00f3nak, por-, olaj- \u00e9s szennyez\u0151d\u00e9smentesnek kell lennie. A felhord\u00e1s\u00e1t megel\u0151z\u0151en a falfel\u00fcletek egyenletes sz\u00edv\u00f3k\u00e9pess\u00e9g\u00e9t \u00e9s tapad\u00f3 k\u00e9pess\u00e9g\u00e9t a megfelel\u0151 alapoz\u00f3val biztos\u00edtsjuk. A falfel\u00fcleten vezet\u0151 l\u00e9cet helyeznek el \u00e9s a fel\u00fcletet kiegyenl\u00edtik. A l\u00e9cek k\u00f6z\u00e9 habarcsot permeteznek vakol\u00f3g\u00e9pek \u00e9s kever\u0151g\u00e9p seg\u00edts\u00e9g\u00e9vel. Betonkontakttal beitatott fel\u00fcletet biztos\u00edtani sz\u00fcks\u00e9ges.<\/p>\n<p>A vakolat oldalon legal\u00e1bb 10mm, legfeljebb 25mm vastags\u00e1gban alkalmazhat\u00f3, mennyezeten 10&lt;15mm. Az els\u0151 m\u00e9r\u00e9s ut\u00e1n a m\u00e1sodik m\u00e9r\u00e9st m\u00e9g azel\u0151tt el kell v\u00e9gezni, hogy a fel\u00fclet teljesen megsz\u00e1radna. 30-40 perc eltelt\u00e9vel a fel\u00fcletet kef\u00e9vel sz\u00fcks\u00e9ges megtiszt\u00edtani. Ha f\u00e9nyes fel\u00fcletet k\u00edv\u00e1nunk, akkor sim\u00edt\u00f3val aj\u00e1nlott \u00e1tdolgozni. T\u00f6bb r\u00e9teg felvitele (max. 25 mm \u00f6sszesen) eset\u00e9n a &#8220;friss a friss&#8221; vakolaton elvet sz\u00fcks\u00e9ges k\u00f6vetni, az egyes r\u00e9tegek k\u00f6t\u00e9si ideje el\u0151tt.<\/p>\n<p><strong>T\u00c1ROL\u00c1S<\/strong><br \/>\nA zs\u00e1kokat sz\u00e1raz \u00e9s nedvess\u00e9gmentes k\u00f6rnyezetben, raklapon, v\u00edzszintesen, \u00fagy kell t\u00e1rolni, hogy ne \u00e9rintkezzen v\u00edzzel. Ne tegye ki k\u00f6zvetlen napf\u00e9nynek, sug\u00e1rz\u00f3 h\u0151nek, valamint \u00e1tlagosn\u00e1l magasabb p\u00e1ratartalomnak. A zs\u00e1kok eltarthat\u00f3s\u00e1gi ideje a gy\u00e1rt\u00e1si d\u00e1tumt\u00f3l sz\u00e1m\u00edtott 6 h\u00f3nap. A zs\u00e1kokat legfeljebb 20 sorban lehet egym\u00e1sra helyezni \u00fagy, hogy ne lehessen felbor\u00edtani. Ha a t\u00e1rol\u00e1si k\u00f6r\u00fclm\u00e9nyek nem megfelel\u0151ek, a gipsz tulajdons\u00e1gai romlanak, \u00e9s a k\u00edv\u00e1nt teljes\u00edtm\u00e9ny nem \u00e9rhet\u0151 el.<\/p>\n<p><strong>BIZTONS\u00c1GI EL\u0150\u00cdR\u00c1S<\/strong><br \/>\nA sz\u00e1ll\u00edt\u00e1s \u00e9s kezel\u00e9s sor\u00e1n a b\u0151rrel \u00e9s a szemmel val\u00f3 \u00e9rintkez\u00e9s megakad\u00e1lyoz\u00e1sa \u00e9rdek\u00e9ben v\u00e9d\u0151ruh\u00e1zatot kell haszn\u00e1lni. Amennyiben a gipsz b\u0151rrer vagy szemmel \u00e9rintkezik, azt b\u0151 v\u00edzzel ki kell mosni. Ut\u00f3bbi eset\u00e9n azonnal forduljon orvoshoz! A raklapokkal \u00e9s\/vagy csomagokkal sz\u00e1ll\u00edtott term\u00e9kek sz\u00e1ll\u00edt\u00e1s\u00e1hoz targonc\u00e1t kell haszn\u00e1lni.<\/p>\n<p><strong>M\u0170SZAKI SPECIFIK\u00c1CI\u00d3K<\/strong><\/p>\n<table id=\"product-specification-table\" class=\"tg\">\n<tbody>\n<tr>\n<td class=\"tg-0lax\">Megl\u00e9v\u0151 szabv\u00e1ny<\/td>\n<td class=\"tg-0lax\">TS EN 14496<\/td>\n<\/tr>\n<tr>\n<td class=\"tg-0lax\">Standard t\u00edpus<\/td>\n<td class=\"tg-0lax\">B5 (permetezve)<\/td>\n<\/tr>\n<\/tbody>\n<\/table>\n<p><strong>TULAJDONS\u00c1GOK<\/strong><\/p>\n<table id=\"product-specification-table\" class=\"tg\">\n<tbody>\n<tr>\n<td class=\"tg-0lax\">Fizikai forma<\/td>\n<td class=\"tg-0lax\">Feh\u00e9r por<\/td>\n<\/tr>\n<tr>\n<td class=\"tg-0lax\">V\u00edz-gipsz ar\u00e1ny<\/td>\n<td class=\"tg-0lax\">10 kg vakolat 4 liter v\u00edzhez<\/td>\n<\/tr>\n<tr>\n<td class=\"tg-0lax\">Haszn\u00e1lat id\u0151tartama<\/td>\n<td class=\"tg-0lax\">110-150 perc<\/td>\n<\/tr>\n<tr>\n<td class=\"tg-0lax\">Megk\u00f6t\u00e9si id\u0151<\/td>\n<td class=\"tg-0lax\">250-300 perc<\/td>\n<\/tr>\n<tr>\n<td class=\"tg-0lax\">Fogyaszt\u00e1si mennyis\u00e9g<\/td>\n<td class=\"tg-0lax\">11,0-12,0 kg\/m2 (1 cm-es vastags\u00e1gonk\u00e9nt)<\/td>\n<\/tr>\n<tr>\n<td class=\"tg-0lax\">Nyom\u00f3szil\u00e1rds\u00e1g<\/td>\n<td class=\"tg-0lax\">&gt;2,5 N\/mm\u00b2 (4x4x16 blokk<\/td>\n<\/tr>\n<tr>\n<td class=\"tg-0lax\">Hajl\u00edt\u00e1si t\u00f6r\u00e9sszil\u00e1rds\u00e1g<\/td>\n<td class=\"tg-0lax\">&gt;1,2 N\/mm\u00b2 (4x4x16 blokk)<\/td>\n<\/tr>\n<tr>\n<td class=\"tg-0lax\">Sz\u00e1raz egys\u00e9g s\u00falya<\/td>\n<td class=\"tg-0lax\">900 \u20131000 kg\/m\u00b3<\/td>\n<\/tr>\n<tr>\n<td class=\"tg-0lax\">Besorol\u00e1s: reakci\u00f3 a t\u0171zre<\/td>\n<td class=\"tg-0lax\">TS EN 14496 szabv\u00e1ny szerint: A1<\/td>\n<\/tr>\n<\/tbody>\n<\/table>\n<p><strong>CSOMAGOL\u00c1S<\/strong><\/p>\n<table id=\"product-specification-table\" class=\"tg\">\n<tbody>\n<tr>\n<td class=\"tg-0lax\">T\u00edpus<\/td>\n<td class=\"tg-0lax\">PP5 polipropil\u00e9n zs\u00e1k<\/td>\n<\/tr>\n<tr>\n<td class=\"tg-0lax\">S\u00faly<\/td>\n<td class=\"tg-0lax\">35 kg \u00b1 %2<\/td>\n<\/tr>\n<\/tbody>\n<\/table>\n","protected":false},"excerpt":{"rendered":"<p>Gypsum based indoor machine plaster<br \/>\n<strong>Packaging<\/strong>: 35 kg bag<br \/>\n<strong>Manufacturer<\/strong>: Ayta\u015f Al\u00e7\u0131 A.\u015e.<\/p>\n<div class=\"product-certificate-holder\"><a class=\"first\" href=\"https:\/\/www.aygips.com.tr\/img\/docs\/83a9bc03b5a1b072e1b57852dfb951f1625.pdf\" target=\"_blank\" rel=\"noopener\"><img decoding=\"async\" class=\"product-cert-img\" src=\"\/wp-content\/uploads\/2022\/11\/TS_EN_13279.jpg\" \/><\/a><a class=\"third\" href=\"https:\/\/www.aygips.com.tr\/img\/docs\/8acf7d2980aeb166256185de7faaaecf623.pdf\" target=\"_blank\" rel=\"noopener\"><img decoding=\"async\" class=\"product-cert-img\" src=\"\/wp-content\/uploads\/2022\/11\/MSDS.png\" \/><\/a><a class=\"second\" href=\"#\" target=\"_blank\" rel=\"noopener\"><img decoding=\"async\" class=\"product-cert-img\" src=\"\/wp-content\/uploads\/2022\/11\/CE.jpg\" \/><\/a><a class=\"fourth\" href=\"https:\/\/www.aygips.com.tr\/img\/docs\/687fab8fe12d1a34a9c1df6a00bfa9b8623.pdf\" target=\"_blank\" rel=\"noopener\"><img decoding=\"async\" class=\"product-cert-img\" src=\"\/wp-content\/uploads\/2022\/11\/ISO-9001_300x300-compressed.jpg\" \/><\/a><a class=\"fifth\" href=\"https:\/\/www.aygips.com.tr\/img\/docs\/05c72777e8df76c9df01730f450ecd33623.pdf\" target=\"_blank\" rel=\"noopener\"><img decoding=\"async\" class=\"product-cert-img\" src=\"\/wp-content\/uploads\/2022\/11\/ISO-14001-1_500x500-compressed.jpg\" \/><\/a><\/div>\n<div class=\"product-certificate-holder row-two\"><a class=\"first\" href=\"https:\/\/www.aygips.com.tr\/img\/docs\/41a835e9b0bae09cebabe57e04f6ea67623.pdf\" target=\"_blank\" rel=\"noopener\"><img decoding=\"async\" class=\"product-cert-img\" src=\"\/wp-content\/uploads\/2022\/11\/ISO-50001.jpg\" \/><\/a><a class=\"second\" href=\"https:\/\/www.aygips.com.tr\/img\/docs\/b880491918d8000383786165afa6d353623.pdf\" target=\"_blank\" rel=\"noopener\"><img decoding=\"async\" class=\"product-cert-img\" src=\"\/wp-content\/uploads\/2022\/11\/OHSAS-18001.jpg\" \/><\/a><a class=\"third\" href=\"#\" target=\"_blank\" rel=\"noopener\"><img decoding=\"async\" class=\"product-cert-img\" src=\"#\" \/><\/a><a class=\"fourth\" href=\"#\" target=\"_blank\" rel=\"noopener\"><img decoding=\"async\" class=\"product-cert-img\" src=\"#\" \/><\/a><a class=\"fifth\" href=\"#\" target=\"_blank\" rel=\"noopener\"><img decoding=\"async\" class=\"product-cert-img\" src=\"#\" \/><\/a><\/div>\n","protected":false},"featured_media":14660,"template":"","meta":[],"product_brand":[],"product_cat":[93],"product_tag":[],"class_list":{"0":"post-15334","1":"product","2":"type-product","3":"status-publish","4":"has-post-thumbnail","6":"product_cat-construction-products","8":"first","9":"instock","10":"shipping-taxable","11":"purchasable","12":"product-type-simple"},"yoast_head":"<!-- This site is optimized with the Yoast SEO plugin v27.4 - https:\/\/yoast.com\/product\/yoast-seo-wordpress\/ -->\n<title>Aygips Machine Pro - EBLA Export<\/title>\n<meta name=\"robots\" content=\"index, follow, max-snippet:-1, max-image-preview:large, max-video-preview:-1\" \/>\n<link rel=\"canonical\" href=\"https:\/\/ebla-co.net\/termek\/aygips-machine-pro-permetezo-vakolat\/\" \/>\n<meta property=\"og:locale\" content=\"en_US\" \/>\n<meta property=\"og:type\" content=\"article\" \/>\n<meta property=\"og:title\" content=\"Aygips Machine Pro - EBLA Export\" \/>\n<meta property=\"og:description\" content=\"Gypsum based indoor machine plaster Packaging: 35 kg bag Manufacturer: Ayta\u015f Al\u00e7\u0131 A.\u015e.\" \/>\n<meta property=\"og:url\" content=\"https:\/\/ebla-co.net\/termek\/aygips-machine-pro-permetezo-vakolat\/\" \/>\n<meta property=\"og:site_name\" content=\"EBLA Export\" \/>\n<meta property=\"article:modified_time\" content=\"2024-04-15T21:16:48+00:00\" \/>\n<meta property=\"og:image\" content=\"https:\/\/ebla-co.net\/wp-content\/uploads\/2022\/11\/prod-aygips-machineplast.jpg\" \/>\n\t<meta property=\"og:image:width\" content=\"1200\" \/>\n\t<meta property=\"og:image:height\" content=\"1200\" \/>\n\t<meta property=\"og:image:type\" content=\"image\/jpeg\" \/>\n<meta name=\"twitter:card\" content=\"summary_large_image\" \/>\n<meta name=\"twitter:label1\" content=\"Est. reading time\" \/>\n\t<meta name=\"twitter:data1\" content=\"3 minutes\" \/>\n<script type=\"application\/ld+json\" class=\"yoast-schema-graph\">{\"@context\":\"https:\\\/\\\/schema.org\",\"@graph\":[{\"@type\":\"WebPage\",\"@id\":\"https:\\\/\\\/ebla-co.net\\\/termek\\\/aygips-machine-pro-permetezo-vakolat\\\/\",\"url\":\"https:\\\/\\\/ebla-co.net\\\/termek\\\/aygips-machine-pro-permetezo-vakolat\\\/\",\"name\":\"Aygips Machine Pro - EBLA Export\",\"isPartOf\":{\"@id\":\"https:\\\/\\\/ebla-co.net\\\/#website\"},\"primaryImageOfPage\":{\"@id\":\"https:\\\/\\\/ebla-co.net\\\/termek\\\/aygips-machine-pro-permetezo-vakolat\\\/#primaryimage\"},\"image\":{\"@id\":\"https:\\\/\\\/ebla-co.net\\\/termek\\\/aygips-machine-pro-permetezo-vakolat\\\/#primaryimage\"},\"thumbnailUrl\":\"https:\\\/\\\/ebla-co.net\\\/wp-content\\\/uploads\\\/2022\\\/11\\\/prod-aygips-machineplast.jpg\",\"datePublished\":\"2022-11-21T14:51:04+00:00\",\"dateModified\":\"2024-04-15T21:16:48+00:00\",\"breadcrumb\":{\"@id\":\"https:\\\/\\\/ebla-co.net\\\/termek\\\/aygips-machine-pro-permetezo-vakolat\\\/#breadcrumb\"},\"inLanguage\":\"en-US\",\"potentialAction\":[{\"@type\":\"ReadAction\",\"target\":[\"https:\\\/\\\/ebla-co.net\\\/termek\\\/aygips-machine-pro-permetezo-vakolat\\\/\"]}]},{\"@type\":\"ImageObject\",\"inLanguage\":\"en-US\",\"@id\":\"https:\\\/\\\/ebla-co.net\\\/termek\\\/aygips-machine-pro-permetezo-vakolat\\\/#primaryimage\",\"url\":\"https:\\\/\\\/ebla-co.net\\\/wp-content\\\/uploads\\\/2022\\\/11\\\/prod-aygips-machineplast.jpg\",\"contentUrl\":\"https:\\\/\\\/ebla-co.net\\\/wp-content\\\/uploads\\\/2022\\\/11\\\/prod-aygips-machineplast.jpg\",\"width\":1200,\"height\":1200,\"caption\":\"Aygips Machine Pro\"},{\"@type\":\"BreadcrumbList\",\"@id\":\"https:\\\/\\\/ebla-co.net\\\/termek\\\/aygips-machine-pro-permetezo-vakolat\\\/#breadcrumb\",\"itemListElement\":[{\"@type\":\"ListItem\",\"position\":1,\"name\":\"Home\",\"item\":\"https:\\\/\\\/ebla-co.net\\\/en\\\/\"},{\"@type\":\"ListItem\",\"position\":2,\"name\":\"Term\u00e9kek\",\"item\":\"https:\\\/\\\/ebla-co.net\\\/shop\\\/\"},{\"@type\":\"ListItem\",\"position\":3,\"name\":\"Aygips Machine Pro\"}]},{\"@type\":\"WebSite\",\"@id\":\"https:\\\/\\\/ebla-co.net\\\/#website\",\"url\":\"https:\\\/\\\/ebla-co.net\\\/\",\"name\":\"EBLA Export\",\"description\":\"\",\"potentialAction\":[{\"@type\":\"SearchAction\",\"target\":{\"@type\":\"EntryPoint\",\"urlTemplate\":\"https:\\\/\\\/ebla-co.net\\\/?s={search_term_string}\"},\"query-input\":{\"@type\":\"PropertyValueSpecification\",\"valueRequired\":true,\"valueName\":\"search_term_string\"}}],\"inLanguage\":\"en-US\"}]}<\/script>\n<!-- \/ Yoast SEO plugin. -->","yoast_head_json":{"title":"Aygips Machine Pro - EBLA Export","robots":{"index":"index","follow":"follow","max-snippet":"max-snippet:-1","max-image-preview":"max-image-preview:large","max-video-preview":"max-video-preview:-1"},"canonical":"https:\/\/ebla-co.net\/termek\/aygips-machine-pro-permetezo-vakolat\/","og_locale":"en_US","og_type":"article","og_title":"Aygips Machine Pro - EBLA Export","og_description":"Gypsum based indoor machine plaster Packaging: 35 kg bag Manufacturer: Ayta\u015f Al\u00e7\u0131 A.\u015e.","og_url":"https:\/\/ebla-co.net\/termek\/aygips-machine-pro-permetezo-vakolat\/","og_site_name":"EBLA Export","article_modified_time":"2024-04-15T21:16:48+00:00","og_image":[{"width":1200,"height":1200,"url":"https:\/\/ebla-co.net\/wp-content\/uploads\/2022\/11\/prod-aygips-machineplast.jpg","type":"image\/jpeg"}],"twitter_card":"summary_large_image","twitter_misc":{"Est. reading time":"3 minutes"},"schema":{"@context":"https:\/\/schema.org","@graph":[{"@type":"WebPage","@id":"https:\/\/ebla-co.net\/termek\/aygips-machine-pro-permetezo-vakolat\/","url":"https:\/\/ebla-co.net\/termek\/aygips-machine-pro-permetezo-vakolat\/","name":"Aygips Machine Pro - EBLA Export","isPartOf":{"@id":"https:\/\/ebla-co.net\/#website"},"primaryImageOfPage":{"@id":"https:\/\/ebla-co.net\/termek\/aygips-machine-pro-permetezo-vakolat\/#primaryimage"},"image":{"@id":"https:\/\/ebla-co.net\/termek\/aygips-machine-pro-permetezo-vakolat\/#primaryimage"},"thumbnailUrl":"https:\/\/ebla-co.net\/wp-content\/uploads\/2022\/11\/prod-aygips-machineplast.jpg","datePublished":"2022-11-21T14:51:04+00:00","dateModified":"2024-04-15T21:16:48+00:00","breadcrumb":{"@id":"https:\/\/ebla-co.net\/termek\/aygips-machine-pro-permetezo-vakolat\/#breadcrumb"},"inLanguage":"en-US","potentialAction":[{"@type":"ReadAction","target":["https:\/\/ebla-co.net\/termek\/aygips-machine-pro-permetezo-vakolat\/"]}]},{"@type":"ImageObject","inLanguage":"en-US","@id":"https:\/\/ebla-co.net\/termek\/aygips-machine-pro-permetezo-vakolat\/#primaryimage","url":"https:\/\/ebla-co.net\/wp-content\/uploads\/2022\/11\/prod-aygips-machineplast.jpg","contentUrl":"https:\/\/ebla-co.net\/wp-content\/uploads\/2022\/11\/prod-aygips-machineplast.jpg","width":1200,"height":1200,"caption":"Aygips Machine Pro"},{"@type":"BreadcrumbList","@id":"https:\/\/ebla-co.net\/termek\/aygips-machine-pro-permetezo-vakolat\/#breadcrumb","itemListElement":[{"@type":"ListItem","position":1,"name":"Home","item":"https:\/\/ebla-co.net\/en\/"},{"@type":"ListItem","position":2,"name":"Term\u00e9kek","item":"https:\/\/ebla-co.net\/shop\/"},{"@type":"ListItem","position":3,"name":"Aygips Machine Pro"}]},{"@type":"WebSite","@id":"https:\/\/ebla-co.net\/#website","url":"https:\/\/ebla-co.net\/","name":"EBLA Export","description":"","potentialAction":[{"@type":"SearchAction","target":{"@type":"EntryPoint","urlTemplate":"https:\/\/ebla-co.net\/?s={search_term_string}"},"query-input":{"@type":"PropertyValueSpecification","valueRequired":true,"valueName":"search_term_string"}}],"inLanguage":"en-US"}]}},"_links":{"self":[{"href":"https:\/\/ebla-co.net\/en\/wp-json\/wp\/v2\/product\/15334","targetHints":{"allow":["GET"]}}],"collection":[{"href":"https:\/\/ebla-co.net\/en\/wp-json\/wp\/v2\/product"}],"about":[{"href":"https:\/\/ebla-co.net\/en\/wp-json\/wp\/v2\/types\/product"}],"wp:featuredmedia":[{"embeddable":true,"href":"https:\/\/ebla-co.net\/en\/wp-json\/wp\/v2\/media\/14660"}],"wp:attachment":[{"href":"https:\/\/ebla-co.net\/en\/wp-json\/wp\/v2\/media?parent=15334"}],"wp:term":[{"taxonomy":"product_brand","embeddable":true,"href":"https:\/\/ebla-co.net\/en\/wp-json\/wp\/v2\/product_brand?post=15334"},{"taxonomy":"product_cat","embeddable":true,"href":"https:\/\/ebla-co.net\/en\/wp-json\/wp\/v2\/product_cat?post=15334"},{"taxonomy":"product_tag","embeddable":true,"href":"https:\/\/ebla-co.net\/en\/wp-json\/wp\/v2\/product_tag?post=15334"}],"curies":[{"name":"wp","href":"https:\/\/api.w.org\/{rel}","templated":true}]}}