{"id":14831,"date":"2022-11-08T02:16:20","date_gmt":"2022-11-08T02:16:20","guid":{"rendered":"https:\/\/ebla-co.net\/?page_id=14831"},"modified":"2023-02-14T22:38:27","modified_gmt":"2023-02-14T22:38:27","slug":"faq","status":"publish","type":"page","link":"https:\/\/ebla-co.net\/en\/faq\/","title":{"rendered":"FAQ"},"content":{"rendered":"<div class=\"wpb-content-wrapper\"><p>[vc_row gap=&#8221;40&#8243; css=&#8221;.vc_custom_1532439407886{padding-top: 40px !important;padding-bottom: 40px !important;}&#8221;][vc_column animation_delay=&#8221;0&#8243; offset=&#8221;vc_col-lg-8 vc_col-md-8 vc_col-xs-12&#8243; el_id=&#8221;faq-accordion-block&#8221;]<h3 id=\"et-animated-title-1\" class=\"et-animated-title et-clearfix  words-direct\" data-mobile-font=\"24px\" data-tablet-font=\"32px\" data-delay=\"\" style=\"font-size:48px;font-weight:700;line-height:56px;color:#212121;\"><span class=\"text-wrapper\"><span class=\"text\">Frequently Asked Questions<\/span><\/span><\/h3><div class=\"gap et-clearfix \" style=\"height:2px\"><\/div><h5 id=\"et-animated-title-2\" class=\"et-animated-title et-clearfix faq-subtitle letter-direct\" data-mobile-font=\"inherit\" data-tablet-font=\"inherit\" data-delay=\"200\" style=\"font-size:24px;font-weight:700;line-height:32px;color:#4194ec;\"><span class=\"text-wrapper\"><span class=\"text\">Coming Soon&#8230;<\/span><\/span><\/h5><div class=\"gap et-clearfix faq-subtitle-gap-under\" style=\"height:32px\"><\/div><div class=\"et-accordion-wrapper\"><div id=\"et-accordion-1\" class=\"et-accordion et-clearfix collapsible-true\"><div class=\"active  toggle-title et-clearfix\"><h5 class=\"toggle-title-tag\">K\u00e9rd\u00e9s 1 K\u00e9rd\u00e9s 1<\/h5><span class=\"toggle-ind fa fa-plus\"><\/span><\/div> <div id=\"kerdes-1-kerdes-1-1\" class=\"toggle-content et-clearfix\">[vc_column_text]V\u00e1lasz 1 V\u00e1lasz 1 V\u00e1lasz 1 V\u00e1lasz 1 V\u00e1lasz 1 V\u00e1lasz 1 V\u00e1lasz 1 V\u00e1lasz 1 V\u00e1lasz 1<br \/>\nV\u00e1lasz 1 V\u00e1lasz 1 V\u00e1lasz 1 V\u00e1lasz 1 V\u00e1lasz 1 V\u00e1lasz 1 V\u00e1lasz 1 V\u00e1lasz 1 V\u00e1lasz 1<br \/>\nV\u00e1lasz 1 V\u00e1lasz 1 V\u00e1lasz 1 V\u00e1lasz 1 V\u00e1lasz 1 V\u00e1lasz 1 V\u00e1lasz 1 V\u00e1lasz 1 V\u00e1lasz 1<br \/>\nV\u00e1lasz 1 V\u00e1lasz 1 V\u00e1lasz 1 V\u00e1lasz 1 V\u00e1lasz 1 V\u00e1lasz 1 V\u00e1lasz 1 V\u00e1lasz 1 V\u00e1lasz 1<br \/>\nV\u00e1lasz 1 V\u00e1lasz 1 V\u00e1lasz 1 V\u00e1lasz 1 V\u00e1lasz 1 V\u00e1lasz 1 V\u00e1lasz 1 V\u00e1lasz 1 V\u00e1lasz 1[\/vc_column_text]<\/div><div class=\"active  toggle-title et-clearfix\"><h5 class=\"toggle-title-tag\">K\u00e9rd\u00e9s 2 K\u00e9rd\u00e9s 2<\/h5><span class=\"toggle-ind fa fa-plus\"><\/span><\/div> <div id=\"kerdes-2-kerdes-2-2\" class=\"toggle-content et-clearfix\">[vc_column_text]V\u00e1lasz 2 V\u00e1lasz 2 V\u00e1lasz 2 V\u00e1lasz 2 V\u00e1lasz 2 V\u00e1lasz 2 V\u00e1lasz 2 V\u00e1lasz 2 V\u00e1lasz 2<br \/>\nV\u00e1lasz 2 V\u00e1lasz 2 V\u00e1lasz 2 V\u00e1lasz 2 V\u00e1lasz 2 V\u00e1lasz 2 V\u00e1lasz 2 V\u00e1lasz 2 V\u00e1lasz 2<br \/>\nV\u00e1lasz 2 V\u00e1lasz 2 V\u00e1lasz 2 V\u00e1lasz 2 V\u00e1lasz 2 V\u00e1lasz 2 V\u00e1lasz 2 V\u00e1lasz 2 V\u00e1lasz 2<br \/>\nV\u00e1lasz 2 V\u00e1lasz 2 V\u00e1lasz 2 V\u00e1lasz 2 V\u00e1lasz 2 V\u00e1lasz 2 V\u00e1lasz 2 V\u00e1lasz 2 V\u00e1lasz 2<br \/>\nV\u00e1lasz 2 V\u00e1lasz 2 V\u00e1lasz 2 V\u00e1lasz 2 V\u00e1lasz 2 V\u00e1lasz 2 V\u00e1lasz 2 V\u00e1lasz 2 V\u00e1lasz 2[\/vc_column_text]<\/div><div class=\"active  toggle-title et-clearfix\"><h5 class=\"toggle-title-tag\">K\u00e9rd\u00e9s 3 K\u00e9rd\u00e9s 3<\/h5><span class=\"toggle-ind fa fa-plus\"><\/span><\/div> <div id=\"kerdes-3-kerdes-3-3\" class=\"toggle-content et-clearfix\">[vc_column_text]V\u00e1lasz 3 V\u00e1lasz 3 V\u00e1lasz 3 V\u00e1lasz 3 V\u00e1lasz 3 V\u00e1lasz 3 V\u00e1lasz 3 V\u00e1lasz 3 V\u00e1lasz 3<br \/>\nV\u00e1lasz 3 V\u00e1lasz 3 V\u00e1lasz 3 V\u00e1lasz 3 V\u00e1lasz 3 V\u00e1lasz 3 V\u00e1lasz 3 V\u00e1lasz 3 V\u00e1lasz 3<br \/>\nV\u00e1lasz 3 V\u00e1lasz 3 V\u00e1lasz 3 V\u00e1lasz 3 V\u00e1lasz 3 V\u00e1lasz 3 V\u00e1lasz 3 V\u00e1lasz 3 V\u00e1lasz 3<br \/>\nV\u00e1lasz 3 V\u00e1lasz 3 V\u00e1lasz 3 V\u00e1lasz 3 V\u00e1lasz 3 V\u00e1lasz 3 V\u00e1lasz 3 V\u00e1lasz 3 V\u00e1lasz 3<br \/>\nV\u00e1lasz 3 V\u00e1lasz 3 V\u00e1lasz 3 V\u00e1lasz 3 V\u00e1lasz 3 V\u00e1lasz 3 V\u00e1lasz 3 V\u00e1lasz 3 V\u00e1lasz 3[\/vc_column_text]<\/div><div class=\"active  toggle-title et-clearfix\"><h5 class=\"toggle-title-tag\">K\u00e9rd\u00e9s 4 K\u00e9rd\u00e9s 4<\/h5><span class=\"toggle-ind fa fa-plus\"><\/span><\/div> <div id=\"kerdes-4-kerdes-4-4\" class=\"toggle-content et-clearfix\">[vc_column_text]V\u00e1lasz 4 V\u00e1lasz 4 V\u00e1lasz 4 V\u00e1lasz 4 V\u00e1lasz 4 V\u00e1lasz 4 V\u00e1lasz 4 V\u00e1lasz 4 V\u00e1lasz 4<br \/>\nV\u00e1lasz 4 V\u00e1lasz 4 V\u00e1lasz 4 V\u00e1lasz 4 V\u00e1lasz 4 V\u00e1lasz 4 V\u00e1lasz 4 V\u00e1lasz 4 V\u00e1lasz 4<br \/>\nV\u00e1lasz 4 V\u00e1lasz 4 V\u00e1lasz 4 V\u00e1lasz 4 V\u00e1lasz 4 V\u00e1lasz 4 V\u00e1lasz 4 V\u00e1lasz 4 V\u00e1lasz 4<br \/>\nV\u00e1lasz 4 V\u00e1lasz 4 V\u00e1lasz 4 V\u00e1lasz 4 V\u00e1lasz 4 V\u00e1lasz 4 V\u00e1lasz 4 V\u00e1lasz 4 V\u00e1lasz 4<br \/>\nV\u00e1lasz 4 V\u00e1lasz 4 V\u00e1lasz 4 V\u00e1lasz 4 V\u00e1lasz 4 V\u00e1lasz 4 V\u00e1lasz 4 V\u00e1lasz 4 V\u00e1lasz 4[\/vc_column_text]<\/div><div class=\"active  toggle-title et-clearfix\"><h5 class=\"toggle-title-tag\">K\u00e9rd\u00e9s 5 K\u00e9rd\u00e9s 5<\/h5><span class=\"toggle-ind fa fa-plus\"><\/span><\/div> <div id=\"kerdes-5-kerdes-5-5\" class=\"toggle-content et-clearfix\">[vc_column_text]V\u00e1lasz 5 V\u00e1lasz 5 V\u00e1lasz 5 V\u00e1lasz 5 V\u00e1lasz 5 V\u00e1lasz 5 V\u00e1lasz 5 V\u00e1lasz 5 V\u00e1lasz 5<br \/>\nV\u00e1lasz 5 V\u00e1lasz 5 V\u00e1lasz 5 V\u00e1lasz 5 V\u00e1lasz 5 V\u00e1lasz 5 V\u00e1lasz 5 V\u00e1lasz 5 V\u00e1lasz 5<br \/>\nV\u00e1lasz 5 V\u00e1lasz 5 V\u00e1lasz 5 V\u00e1lasz 5 V\u00e1lasz 5 V\u00e1lasz 5 V\u00e1lasz 5 V\u00e1lasz 5 V\u00e1lasz 5<br \/>\nV\u00e1lasz 5 V\u00e1lasz 5 V\u00e1lasz 5 V\u00e1lasz 5 V\u00e1lasz 5 V\u00e1lasz 5 V\u00e1lasz 5 V\u00e1lasz 5 V\u00e1lasz 5<br \/>\nV\u00e1lasz 5 V\u00e1lasz 5 V\u00e1lasz 5 V\u00e1lasz 5 V\u00e1lasz 5 V\u00e1lasz 5 V\u00e1lasz 5 V\u00e1lasz 5 V\u00e1lasz 5[\/vc_column_text]<\/div><div class=\"active  toggle-title et-clearfix\"><h5 class=\"toggle-title-tag\">K\u00e9rd\u00e9s 6 K\u00e9rd\u00e9s 6<\/h5><span class=\"toggle-ind fa fa-plus\"><\/span><\/div> <div id=\"kerdes-6-kerdes-6-6\" class=\"toggle-content et-clearfix\">[vc_column_text]V\u00e1lasz 6 V\u00e1lasz 6 V\u00e1lasz 6 V\u00e1lasz 6 V\u00e1lasz 6 V\u00e1lasz 6 V\u00e1lasz 6 V\u00e1lasz 6 V\u00e1lasz 6<br \/>\nV\u00e1lasz 6 V\u00e1lasz 6 V\u00e1lasz 6 V\u00e1lasz 6 V\u00e1lasz 6 V\u00e1lasz 6 V\u00e1lasz 6 V\u00e1lasz 6 V\u00e1lasz 6<br \/>\nV\u00e1lasz 6 V\u00e1lasz 6 V\u00e1lasz 6 V\u00e1lasz 6 V\u00e1lasz 6 V\u00e1lasz 6 V\u00e1lasz 6 V\u00e1lasz 6 V\u00e1lasz 6<br \/>\nV\u00e1lasz 6 V\u00e1lasz 6 V\u00e1lasz 6 V\u00e1lasz 6 V\u00e1lasz 6 V\u00e1lasz 6 V\u00e1lasz 6 V\u00e1lasz 6 V\u00e1lasz 6<br \/>\nV\u00e1lasz 6 V\u00e1lasz 6 V\u00e1lasz 6 V\u00e1lasz 6 V\u00e1lasz 6 V\u00e1lasz 6 V\u00e1lasz 6 V\u00e1lasz 6 V\u00e1lasz 6[\/vc_column_text]<\/div><\/div><\/div>[\/vc_column][vc_column animation_delay=&#8221;0&#8243; el_class=&#8221;et-element-column-with-border-left&#8221; offset=&#8221;vc_col-lg-4 vc_col-md-4 vc_col-xs-12&#8243;]<div class=\"et-announcement-wrapper\"><style>#et-announcement-1 {background-image:url(https:\/\/ebla-co.net\/wp-content\/uploads\/2018\/07\/banner3.jpg);background-color:#f5f5f5;}#et-announcement-1 .announcement-title > *  {color:#212121;}<\/style><div id=\"et-announcement-1\" class=\"et-announcement\"><div class=\"announcement-title et-clearfix\"><div class=\"et-el-icon medium\"><span class=\"el-icon fa fa-shipping-fast animate-false\"><\/span><\/div><h3 class=\"title\">Shipping<\/h3><\/div><div class=\"announcement-content et-clearfix\">[vc_custom_heading text=&#8221;Enter your tracking number and get shipping discount.&#8221; font_container=&#8221;tag:h6|font_size:18px|text_align:left|color:%23212121|line_height:32px&#8221; use_theme_fonts=&#8221;yes&#8221;]<a target=\"_self\" href=\"#link\" id=\"et-button-1\" style=\"color:#ffffff;font-weight:700 !important;\" class=\"et-button   icon-position-left modal-false medium hover-fill false click-none\" data-color=\"#ffffff\" data-colorhover=\"#ffffff\"><span style=\"background-color:#212121 !important;\" class=\"hover\"><\/span><span style=\"background-color:#fd8c40;\" class=\"regular\"><\/span><span class=\"text\">Discover more<\/span><\/a><\/div><\/div><\/div><div class=\"gap et-clearfix \" style=\"height:40px\"><\/div><div class=\"et-announcement-wrapper\"><style>#et-announcement-2 {background-image:url(https:\/\/ebla-co.net\/wp-content\/uploads\/2018\/07\/banner1.jpg);background-color:#fd8c40;}#et-announcement-2 .announcement-title > *  {color:#ffffff;}<\/style><div id=\"et-announcement-2\" class=\"et-announcement\"><div class=\"announcement-title et-clearfix\"><div class=\"et-el-icon medium\"><span class=\"el-icon fa fa-map-marker-alt animate-false\"><\/span><\/div><h3 class=\"title\">Locations<\/h3><\/div><div class=\"announcement-content et-clearfix\">[vc_custom_heading text=&#8221;Overview of the contact details of our global network.&#8221; font_container=&#8221;tag:h6|font_size:18px|text_align:left|color:%23ffffff|line_height:32px&#8221; use_theme_fonts=&#8221;yes&#8221;]<a target=\"_self\" href=\"#link\" id=\"et-button-2\" style=\"color:#212121;font-weight:700 !important;\" class=\"et-button   icon-position-left modal-false medium hover-fill false click-none\" data-color=\"#212121\" data-colorhover=\"#ffffff\"><span style=\"background-color:#212121 !important;\" class=\"hover\"><\/span><span style=\"background-color:#ffffff;\" class=\"regular\"><\/span><span class=\"text\">Find addresses<\/span><\/a><\/div><\/div><\/div>[\/vc_column][\/vc_row][vc_row full_width=&#8221;stretch_row_content&#8221; gap=&#8221;0&#8243; content_placement=&#8221;middle&#8221; css=&#8221;.vc_custom_1669031809694{padding-top: 72px !important;padding-bottom: 96px !important;background-color: #f5f5f5 !important;}&#8221; el_class=&#8221;page-bottom-partners-carousel-row&#8221;][vc_column animation_delay=&#8221;0&#8243; css_animation=&#8221;fadeIn&#8221; under480_padding_left=&#8221;5%&#8221; under480_padding_right=&#8221;5%&#8221; over480_under_768_padding_left=&#8221;5%&#8221; over480_under_768_padding_right=&#8221;5%&#8221; css=&#8221;.vc_custom_1531147174162{padding-right: 120px !important;padding-left: 120px !important;}&#8221;]<div class=\"et-client-wrapper\"><style>#loop-client-1{margin-left:-12px;margin-right:-12px;}#loop-client-1 .et-item {padding-left:12px;padding-right:12px;}#loop-client-1 .owl-nav > .owl-prev {left:-56px}#loop-client-1 .owl-nav > .owl-next {right:-56px}<\/style><div id=\"loop-client-1\" data-columns=\"6\" class=\"loop-client with-gap owl-carousel effect-none et-item-set et-clearfix\"><div class=\"et-item et-client-item\"><div class=\"et-item-inner\"><div class=\"client-content et-clearfix\"><a href=\"\/\/themeforest.net\" target=\"_blank\"><img loading=\"lazy\" decoding=\"async\" width=\"280\" height=\"185\" alt=\"\" src=\"https:\/\/ebla-co.net\/wp-content\/uploads\/2018\/07\/client1.jpg\"><\/a><\/div><\/div><\/div><div class=\"et-item et-client-item\"><div class=\"et-item-inner\"><div class=\"client-content et-clearfix\"><a href=\"\/\/videohive.net\" target=\"_blank\"><img loading=\"lazy\" decoding=\"async\" width=\"280\" height=\"185\" alt=\"\" src=\"https:\/\/ebla-co.net\/wp-content\/uploads\/2018\/07\/client2.jpg\"><\/a><\/div><\/div><\/div><div class=\"et-item et-client-item\"><div class=\"et-item-inner\"><div class=\"client-content et-clearfix\"><a href=\"\/\/photodune.net\" target=\"_blank\"><img loading=\"lazy\" decoding=\"async\" width=\"280\" height=\"185\" alt=\"\" src=\"https:\/\/ebla-co.net\/wp-content\/uploads\/2018\/07\/client3.jpg\"><\/a><\/div><\/div><\/div><div class=\"et-item et-client-item\"><div class=\"et-item-inner\"><div class=\"client-content et-clearfix\"><a href=\"\/\/graphicriver.net\" target=\"_blank\"><img loading=\"lazy\" decoding=\"async\" width=\"280\" height=\"185\" alt=\"\" src=\"https:\/\/ebla-co.net\/wp-content\/uploads\/2018\/07\/client4.jpg\"><\/a><\/div><\/div><\/div><div class=\"et-item et-client-item\"><div class=\"et-item-inner\"><div class=\"client-content et-clearfix\"><a href=\"\/\/codecanyon.net\" target=\"_blank\"><img loading=\"lazy\" decoding=\"async\" width=\"280\" height=\"185\" alt=\"\" src=\"https:\/\/ebla-co.net\/wp-content\/uploads\/2018\/07\/client5.jpg\"><\/a><\/div><\/div><\/div><div class=\"et-item et-client-item\"><div class=\"et-item-inner\"><div class=\"client-content et-clearfix\"><a href=\"\/\/audiojungle.net\" target=\"_blank\"><img loading=\"lazy\" decoding=\"async\" width=\"280\" height=\"185\" alt=\"\" src=\"https:\/\/ebla-co.net\/wp-content\/uploads\/2018\/07\/client6.jpg\"><\/a><\/div><\/div><\/div><div class=\"et-item et-client-item\"><div class=\"et-item-inner\"><div class=\"client-content et-clearfix\"><a href=\"\/\/3docean.net\" target=\"_blank\"><img loading=\"lazy\" decoding=\"async\" width=\"280\" height=\"185\" alt=\"\" src=\"https:\/\/ebla-co.net\/wp-content\/uploads\/2018\/07\/client7.jpg\"><\/a><\/div><\/div><\/div><div class=\"et-item et-client-item\"><div class=\"et-item-inner\"><div class=\"client-content et-clearfix\"><a href=\"\/\/market.envato.com\" target=\"_blank\"><img loading=\"lazy\" decoding=\"async\" width=\"280\" height=\"185\" alt=\"\" src=\"https:\/\/ebla-co.net\/wp-content\/uploads\/2018\/07\/client8.jpg\"><\/a><\/div><\/div><\/div><\/div><\/div>[\/vc_column][\/vc_row][vc_row full_width=&#8221;stretch_row_content&#8221; gap=&#8221;0&#8243; css=&#8221;.vc_custom_1530608429182{background: #f5f5f5 url(https:\/\/enovathemes.com\/globax\/wp-content\/uploads\/globus_image_extra_smal.jpg?id=11490) !important;background-position: center !important;background-repeat: no-repeat !important;background-size: cover !important;}&#8221;][vc_column animation_delay=&#8221;0&#8243; css=&#8221;.vc_custom_1530608688047{padding-top: 0px !important;}&#8221;]<div class=\"et-tagline-wrapper\"><style>#et-tagline-1 {background-color:rgba(255,255,255,0.01);}#et-tagline-1 .tagline-title{color:#212121;}#et-tagline-1 .tagline-button{color:#ffffff;background-color:#4194ec;}#et-tagline-1 .tagline-button:hover{background-color:#004ea0;color:#ffffff;}#et-tagline-1 .tagline-icon{}<\/style><div id=\"et-tagline-1\" class=\"et-tagline\"><div class=\"tagline-container\"><h3 class=\"tagline-title\">Have any questions? Feel free to call!<\/h3><div class=\"tagline-button-wrapper\"><a href=\"tel:+36307777707\" class=\"tagline-button et-button large\">Call Now<\/a><\/div><\/div><\/div><\/div>[\/vc_column][\/vc_row]<\/p>\n<\/div>","protected":false},"excerpt":{"rendered":"<p>Leverage agile frameworks to provide a robust synopsis for high level overviews. Iterative approaches to corporate strategy foster collaborative thinking to further the overall value proposition. Organically grow the holistic world view of disruptive innovation via workplace diversity and empowerment.<\/p>\n","protected":false},"author":1,"featured_media":0,"parent":0,"menu_order":0,"comment_status":"closed","ping_status":"closed","template":"page-vc.php","meta":{"footnotes":""},"class_list":["post-14831","page","type-page","status-publish","hentry"],"yoast_head":"<!-- This site is optimized with the Yoast SEO plugin v27.4 - https:\/\/yoast.com\/product\/yoast-seo-wordpress\/ -->\n<title>FAQ - EBLA Export<\/title>\n<meta name=\"robots\" content=\"index, follow, max-snippet:-1, max-image-preview:large, max-video-preview:-1\" \/>\n<link rel=\"canonical\" href=\"https:\/\/ebla-co.net\/en\/faq\/\" \/>\n<meta property=\"og:locale\" content=\"en_US\" \/>\n<meta property=\"og:type\" content=\"article\" \/>\n<meta property=\"og:title\" content=\"FAQ - EBLA Export\" \/>\n<meta property=\"og:description\" content=\"Leverage agile frameworks to provide a robust synopsis for high level overviews. Iterative approaches to corporate strategy foster collaborative thinking to further the overall value proposition. Organically grow the holistic world view of disruptive innovation via workplace diversity and empowerment.\" \/>\n<meta property=\"og:url\" content=\"https:\/\/ebla-co.net\/en\/faq\/\" \/>\n<meta property=\"og:site_name\" content=\"EBLA Export\" \/>\n<meta property=\"article:modified_time\" content=\"2023-02-14T22:38:27+00:00\" \/>\n<meta name=\"twitter:card\" content=\"summary_large_image\" \/>\n<meta name=\"twitter:label1\" content=\"Est. reading time\" \/>\n\t<meta name=\"twitter:data1\" content=\"4 minutes\" \/>\n<script type=\"application\/ld+json\" class=\"yoast-schema-graph\">{\"@context\":\"https:\\\/\\\/schema.org\",\"@graph\":[{\"@type\":\"WebPage\",\"@id\":\"https:\\\/\\\/ebla-co.net\\\/en\\\/faq\\\/\",\"url\":\"https:\\\/\\\/ebla-co.net\\\/en\\\/faq\\\/\",\"name\":\"FAQ - EBLA Export\",\"isPartOf\":{\"@id\":\"https:\\\/\\\/ebla-co.net\\\/#website\"},\"datePublished\":\"2022-11-08T02:16:20+00:00\",\"dateModified\":\"2023-02-14T22:38:27+00:00\",\"breadcrumb\":{\"@id\":\"https:\\\/\\\/ebla-co.net\\\/en\\\/faq\\\/#breadcrumb\"},\"inLanguage\":\"en-US\",\"potentialAction\":[{\"@type\":\"ReadAction\",\"target\":[\"https:\\\/\\\/ebla-co.net\\\/en\\\/faq\\\/\"]}]},{\"@type\":\"BreadcrumbList\",\"@id\":\"https:\\\/\\\/ebla-co.net\\\/en\\\/faq\\\/#breadcrumb\",\"itemListElement\":[{\"@type\":\"ListItem\",\"position\":1,\"name\":\"Home\",\"item\":\"https:\\\/\\\/ebla-co.net\\\/en\\\/\"},{\"@type\":\"ListItem\",\"position\":2,\"name\":\"FAQ\"}]},{\"@type\":\"WebSite\",\"@id\":\"https:\\\/\\\/ebla-co.net\\\/#website\",\"url\":\"https:\\\/\\\/ebla-co.net\\\/\",\"name\":\"EBLA Export\",\"description\":\"\",\"potentialAction\":[{\"@type\":\"SearchAction\",\"target\":{\"@type\":\"EntryPoint\",\"urlTemplate\":\"https:\\\/\\\/ebla-co.net\\\/?s={search_term_string}\"},\"query-input\":{\"@type\":\"PropertyValueSpecification\",\"valueRequired\":true,\"valueName\":\"search_term_string\"}}],\"inLanguage\":\"en-US\"}]}<\/script>\n<!-- \/ Yoast SEO plugin. -->","yoast_head_json":{"title":"FAQ - EBLA Export","robots":{"index":"index","follow":"follow","max-snippet":"max-snippet:-1","max-image-preview":"max-image-preview:large","max-video-preview":"max-video-preview:-1"},"canonical":"https:\/\/ebla-co.net\/en\/faq\/","og_locale":"en_US","og_type":"article","og_title":"FAQ - EBLA Export","og_description":"Leverage agile frameworks to provide a robust synopsis for high level overviews. Iterative approaches to corporate strategy foster collaborative thinking to further the overall value proposition. Organically grow the holistic world view of disruptive innovation via workplace diversity and empowerment.","og_url":"https:\/\/ebla-co.net\/en\/faq\/","og_site_name":"EBLA Export","article_modified_time":"2023-02-14T22:38:27+00:00","twitter_card":"summary_large_image","twitter_misc":{"Est. reading time":"4 minutes"},"schema":{"@context":"https:\/\/schema.org","@graph":[{"@type":"WebPage","@id":"https:\/\/ebla-co.net\/en\/faq\/","url":"https:\/\/ebla-co.net\/en\/faq\/","name":"FAQ - EBLA Export","isPartOf":{"@id":"https:\/\/ebla-co.net\/#website"},"datePublished":"2022-11-08T02:16:20+00:00","dateModified":"2023-02-14T22:38:27+00:00","breadcrumb":{"@id":"https:\/\/ebla-co.net\/en\/faq\/#breadcrumb"},"inLanguage":"en-US","potentialAction":[{"@type":"ReadAction","target":["https:\/\/ebla-co.net\/en\/faq\/"]}]},{"@type":"BreadcrumbList","@id":"https:\/\/ebla-co.net\/en\/faq\/#breadcrumb","itemListElement":[{"@type":"ListItem","position":1,"name":"Home","item":"https:\/\/ebla-co.net\/en\/"},{"@type":"ListItem","position":2,"name":"FAQ"}]},{"@type":"WebSite","@id":"https:\/\/ebla-co.net\/#website","url":"https:\/\/ebla-co.net\/","name":"EBLA Export","description":"","potentialAction":[{"@type":"SearchAction","target":{"@type":"EntryPoint","urlTemplate":"https:\/\/ebla-co.net\/?s={search_term_string}"},"query-input":{"@type":"PropertyValueSpecification","valueRequired":true,"valueName":"search_term_string"}}],"inLanguage":"en-US"}]}},"_links":{"self":[{"href":"https:\/\/ebla-co.net\/en\/wp-json\/wp\/v2\/pages\/14831","targetHints":{"allow":["GET"]}}],"collection":[{"href":"https:\/\/ebla-co.net\/en\/wp-json\/wp\/v2\/pages"}],"about":[{"href":"https:\/\/ebla-co.net\/en\/wp-json\/wp\/v2\/types\/page"}],"author":[{"embeddable":true,"href":"https:\/\/ebla-co.net\/en\/wp-json\/wp\/v2\/users\/1"}],"replies":[{"embeddable":true,"href":"https:\/\/ebla-co.net\/en\/wp-json\/wp\/v2\/comments?post=14831"}],"version-history":[{"count":7,"href":"https:\/\/ebla-co.net\/en\/wp-json\/wp\/v2\/pages\/14831\/revisions"}],"predecessor-version":[{"id":15403,"href":"https:\/\/ebla-co.net\/en\/wp-json\/wp\/v2\/pages\/14831\/revisions\/15403"}],"wp:attachment":[{"href":"https:\/\/ebla-co.net\/en\/wp-json\/wp\/v2\/media?parent=14831"}],"curies":[{"name":"wp","href":"https:\/\/api.w.org\/{rel}","templated":true}]}}