{"id":14820,"date":"2018-02-28T07:40:59","date_gmt":"2018-02-28T07:40:59","guid":{"rendered":"https:\/\/ebla-co.net\/?page_id=14820"},"modified":"2025-01-29T21:28:33","modified_gmt":"2025-01-29T21:28:33","slug":"contact-us","status":"publish","type":"page","link":"https:\/\/ebla-co.net\/en\/contact-us\/","title":{"rendered":"Contact Us"},"content":{"rendered":"<div class=\"wpb-content-wrapper\"><p>[vc_row gap=&#8221;80&#8243; css=&#8221;.vc_custom_1676381684600{padding-top: 40px !important;padding-bottom: 40px !important;}&#8221;][vc_column animation_delay=&#8221;0&#8243; offset=&#8221;vc_col-lg-8 vc_col-md-8 vc_col-xs-12&#8243;]<h3 id=\"et-animated-title-1\" class=\"et-animated-title et-clearfix  words-direct\" data-mobile-font=\"24px\" data-tablet-font=\"32px\" data-delay=\"\" style=\"font-size:48px;font-weight:700;line-height:56px;color:#212121;\"><span class=\"text-wrapper\"><span class=\"text\">Get in touch<\/span><\/span><\/h3><div class=\"gap et-clearfix \" style=\"height:2px\"><\/div><h3 id=\"et-animated-title-2\" class=\"et-animated-title et-clearfix  letter-direct\" data-mobile-font=\"inherit\" data-tablet-font=\"inherit\" data-delay=\"200\" style=\"font-size:24px;font-weight:700;line-height:32px;color:#4194ec;\"><span class=\"text-wrapper\"><span class=\"text\">Reach out<\/span><\/span><\/h3><div class=\"gap et-clearfix \" style=\"height:32px\"><\/div><div class=\"et-simple-braket-block-wrapper\"><style>#et-simple-braket-block-1 .braket-text {font-size:24px;font-weight:400;line-height:32px;}#et-simple-braket-block-1 .braket > div  {background-color:#4194ec;}<\/style><div id=\"et-simple-braket-block-1\" class=\"et-simple-braket-block \"><div class=\"braket\"><div><\/div><div><\/div><div><\/div><\/div><div class=\"braket-text\" data-mobile-font=\"inherit\" data-tablet-font=\"inherit\">Our business has headquarters in three countries. We maintain our logistics and posess all the permits and certifications required to operate in all of our regions.<\/div><\/div><\/div><div class=\"gap et-clearfix \" style=\"height:72px\"><\/div>[vc_custom_heading text=&#8221;OFFICES&#8221; font_container=&#8221;tag:h6|font_size:18px|text_align:left|line_height:32px&#8221; use_theme_fonts=&#8221;yes&#8221; el_class=&#8221;text767-align-center&#8221;][vc_row_inner content_placement=&#8221;middle&#8221;][vc_column_inner width=&#8221;1\/3&#8243;]<div data-curtain=\"false\" data-preloader=\"true\" data-decoration=\"false\" data-decoration-size=\"small\" data-animation-delay=\"0\" data-parallax=\"false\" data-coordinatex=\"0\" data-coordinatey=\"0\" data-speed=\"1\" class=\"et-custom-image  aligncenter overlay-none curtain-left\"><div class=\"overlay-hover\"><div class=\"image\"><div class=\"image-container\"><div class=\"image-loading\"><\/div><div class=\"image-preloader\"><\/div><img loading=\"lazy\" decoding=\"async\" width=\"282\" height=\"212\" src=\"https:\/\/ebla-co.net\/wp-content\/uploads\/2023\/02\/HUN-hq-1054-honved-u-8-282x212.jpg\" alt=\"\"><\/div><\/div><\/div><\/div><div class=\"gap et-clearfix hide1024\" style=\"height:32px\"><\/div>[\/vc_column_inner][vc_column_inner el_class=&#8221;padding-left-disable-column text767-align-center eng-blocks&#8221; width=&#8221;2\/3&#8243; css=&#8221;.vc_custom_1676380649477{padding-left: 40px !important;}&#8221; el_id=&#8221;location-hun-block&#8221;][vc_custom_heading text=&#8221;Hungary&#8221; font_container=&#8221;tag:h6|font_size:18px|text_align:left|line_height:32px&#8221; use_theme_fonts=&#8221;yes&#8221; el_class=&#8221;text767-align-center&#8221; el_id=&#8221;contact-location-hun&#8221;][vc_column_text css=&#8221;.vc_custom_1676324944580{margin-bottom: 0px !important;}&#8221;]<div class=\"et-el-icon extra-small \" style=\"color:#4194EC;\"><span class=\"el-icon fa fa-map-marker-alt animate-false\"><\/span><\/div> <span id=\"telephely-address\" class=\"hungary\">Honv\u00e9d u. 8. I.\/2. 1054 Budapest<\/span><\/p>\n<div id=\"contacts-phone-huf\"><div class=\"et-el-icon extra-small \" style=\"color:#4194EC;\"><span class=\"el-icon fa fa-phone animate-false\"><\/span><\/div> +36 30 77 77 707<div class=\"gap et-clearfix \" style=\"height:1px\"><\/div><\/div>\n<p>[\/vc_column_text][\/vc_column_inner][\/vc_row_inner]<div class=\"gap et-clearfix \" style=\"height:32px\"><\/div>[vc_row_inner content_placement=&#8221;middle&#8221;][vc_column_inner width=&#8221;1\/3&#8243;]<div data-curtain=\"false\" data-preloader=\"true\" data-decoration=\"false\" data-decoration-size=\"small\" data-animation-delay=\"0\" data-parallax=\"false\" data-coordinatex=\"0\" data-coordinatey=\"0\" data-speed=\"1\" class=\"et-custom-image  aligncenter overlay-none curtain-left\"><div class=\"overlay-hover\"><div class=\"image\"><div class=\"image-container\"><div class=\"image-loading\"><\/div><div class=\"image-preloader\"><\/div><img loading=\"lazy\" decoding=\"async\" width=\"282\" height=\"212\" src=\"https:\/\/ebla-co.net\/wp-content\/uploads\/2023\/02\/TRK-hq-aktakya-azim-apartment-282x212.jpg\" alt=\"\"><\/div><\/div><\/div><\/div><div class=\"gap et-clearfix hide1024\" style=\"height:32px\"><\/div>[\/vc_column_inner][vc_column_inner el_class=&#8221;padding-left-disable-column text767-align-center eng-blocks&#8221; width=&#8221;2\/3&#8243; css=&#8221;.vc_custom_1676380645338{padding-left: 40px !important;}&#8221; el_id=&#8221;location-tur-block&#8221;][vc_custom_heading text=&#8221;T\u00fcrkiye&#8221; font_container=&#8221;tag:h6|font_size:18px|text_align:left|line_height:32px&#8221; use_theme_fonts=&#8221;yes&#8221; el_class=&#8221;text767-align-center&#8221; el_id=&#8221;contact-location-tur&#8221;][vc_column_text css=&#8221;.vc_custom_1676338413323{margin-bottom: 0px !important;}&#8221;]<div class=\"et-el-icon extra-small \" style=\"color:#4194EC;\"><span class=\"el-icon fa fa-map-marker-alt animate-false\"><\/span><\/div> <span id=\"telephely-address\" class=\"turkiye\">Azim Apt. 5\/2, Akevler, 31030 Antakya\/Hatay<\/span><\/p>\n<div id=\"contacts-phone-trk\"><div class=\"et-el-icon extra-small \" style=\"color:#4194EC;\"><span class=\"el-icon fa fa-phone animate-false\"><\/span><\/div> +90 536 601 65 60<div class=\"gap et-clearfix \" style=\"height:1px\"><\/div><\/div>\n<p>[\/vc_column_text][\/vc_column_inner][\/vc_row_inner]<div class=\"gap et-clearfix \" style=\"height:32px\"><\/div>[vc_row_inner content_placement=&#8221;middle&#8221;][vc_column_inner width=&#8221;1\/3&#8243;]<div data-curtain=\"false\" data-preloader=\"true\" data-decoration=\"false\" data-decoration-size=\"small\" data-animation-delay=\"0\" data-parallax=\"false\" data-coordinatex=\"0\" data-coordinatey=\"0\" data-speed=\"1\" class=\"et-custom-image  aligncenter overlay-none curtain-left\"><div class=\"overlay-hover\"><div class=\"image\"><div class=\"image-container\"><div class=\"image-loading\"><\/div><div class=\"image-preloader\"><\/div><img loading=\"lazy\" decoding=\"async\" width=\"282\" height=\"212\" src=\"https:\/\/ebla-co.net\/wp-content\/uploads\/2023\/02\/UAE-hq-intl-city-moroccan-cluster-282x212.jpg\" alt=\"\"><\/div><\/div><\/div><\/div><div class=\"gap et-clearfix hide1024\" style=\"height:32px\"><\/div>[\/vc_column_inner][vc_column_inner el_class=&#8221;padding-left-disable-column text767-align-center eng-blocks&#8221; width=&#8221;2\/3&#8243; css=&#8221;.vc_custom_1676380640260{padding-left: 40px !important;}&#8221; el_id=&#8221;location-uae-block&#8221;][vc_custom_heading text=&#8221;United Arab Emirates&#8221; font_container=&#8221;tag:h6|font_size:18px|text_align:left|line_height:32px&#8221; use_theme_fonts=&#8221;yes&#8221; el_class=&#8221;text767-align-center&#8221; el_id=&#8221;contact-location-uae&#8221;][vc_column_text css=&#8221;.vc_custom_1676338524573{margin-bottom: 0px !important;}&#8221;]<div class=\"et-el-icon extra-small \" style=\"color:#4194EC;\"><span class=\"el-icon fa fa-map-marker-alt animate-false\"><\/span><\/div> <span id=\"telephely-address\" class=\"uae\">I-15 S13 Morocco Cluster, International City, Dubai<\/span><\/p>\n<div id=\"contacts-phone-uae\"><div class=\"et-el-icon extra-small \" style=\"color:#4194EC;\"><span class=\"el-icon fa fa-phone animate-false\"><\/span><\/div> +971 52 867 87 85<div class=\"gap et-clearfix \" style=\"height:1px\"><\/div><\/div>\n<p>[\/vc_column_text][\/vc_column_inner][\/vc_row_inner]<div class=\"sep-wrap left   et-clearfix\" data-delay=\"0\"><div class=\"et-separator solid\" style=\"margin-top:56px;margin-bottom:56px;height:1px;width:100%;border-bottom-width:1px;border-bottom-style:solid;border-bottom-color:#e0e0e0;\"><\/div><\/div>[vc_custom_heading text=&#8221;Have any questions?&#8221; font_container=&#8221;tag:h3|font_size:28px|text_align:left|line_height:32px&#8221; use_theme_fonts=&#8221;yes&#8221; el_class=&#8221;text767-align-center&#8221;]<h3 id=\"et-animated-title-3\" class=\"et-animated-title et-clearfix contactpage-form-subheading letter-direct\" data-mobile-font=\"inherit\" data-tablet-font=\"inherit\" data-delay=\"200\" style=\"font-size:24px;font-weight:700;line-height:32px;color:#4194ec;\"><span class=\"text-wrapper\"><span class=\"text\">Send us a Message!<\/span><\/span><\/h3><div class=\"gap et-clearfix \" style=\"height:32px\"><\/div>\n<div class=\"wpcf7 no-js\" id=\"wpcf7-f15275-o1\" lang=\"en-US\" dir=\"ltr\" data-wpcf7-id=\"15275\">\n<div class=\"screen-reader-response\"><p role=\"status\" aria-live=\"polite\" aria-atomic=\"true\"><\/p> <ul><\/ul><\/div>\n<form action=\"\/en\/wp-json\/wp\/v2\/pages\/14820#wpcf7-f15275-o1\" method=\"post\" class=\"wpcf7-form init\" aria-label=\"Contact form\" novalidate=\"novalidate\" data-status=\"init\">\n<fieldset class=\"hidden-fields-container\"><input type=\"hidden\" name=\"_wpcf7\" value=\"15275\" \/><input type=\"hidden\" name=\"_wpcf7_version\" value=\"6.1.5\" \/><input type=\"hidden\" name=\"_wpcf7_locale\" value=\"en_US\" \/><input type=\"hidden\" name=\"_wpcf7_unit_tag\" value=\"wpcf7-f15275-o1\" \/><input type=\"hidden\" name=\"_wpcf7_container_post\" value=\"0\" \/><input type=\"hidden\" name=\"_wpcf7_posted_data_hash\" value=\"\" \/>\n<\/fieldset>\n<p><span class=\"wpcf7-form-control-wrap\" data-name=\"first-name\"><input size=\"40\" maxlength=\"400\" class=\"wpcf7-form-control wpcf7-text wpcf7-validates-as-required\" aria-required=\"true\" aria-invalid=\"false\" placeholder=\"First Name\" value=\"\" type=\"text\" name=\"first-name\" \/><\/span><br \/>\n<span class=\"wpcf7-form-control-wrap\" data-name=\"last-name\"><input size=\"40\" maxlength=\"400\" class=\"wpcf7-form-control wpcf7-text wpcf7-validates-as-required\" aria-required=\"true\" aria-invalid=\"false\" placeholder=\"Last Name\" value=\"\" type=\"text\" name=\"last-name\" \/><\/span><br \/>\n<span class=\"wpcf7-form-control-wrap\" data-name=\"your-email\"><input size=\"40\" maxlength=\"400\" class=\"wpcf7-form-control wpcf7-email wpcf7-validates-as-required wpcf7-text wpcf7-validates-as-email\" aria-required=\"true\" aria-invalid=\"false\" placeholder=\"E-mail\" value=\"\" type=\"email\" name=\"your-email\" \/><\/span><br \/>\n<span class=\"wpcf7-form-control-wrap\" data-name=\"your-message\"><textarea cols=\"40\" rows=\"10\" maxlength=\"2000\" class=\"wpcf7-form-control wpcf7-textarea\" aria-invalid=\"false\" placeholder=\"Message\" name=\"your-message\"><\/textarea><\/span><br \/>\n<input class=\"wpcf7-form-control wpcf7-submit has-spinner\" type=\"submit\" value=\"Send Message\" \/>\n<\/p><div class=\"wpcf7-response-output\" aria-hidden=\"true\"><\/div>\n<\/form>\n<\/div>\n[\/vc_column][vc_column animation_delay=&#8221;0&#8243; css=&#8221;.vc_custom_1676381688372{border-left-width: 1px !important;padding-left: 20% !important;border-left-color: #e0e0e0 !important;border-radius: 1px !important;}&#8221; el_class=&#8221;et-element-column-with-border-left text767-align-center&#8221; offset=&#8221;vc_col-lg-4 vc_col-md-4 vc_col-xs-12&#8243; el_id=&#8221;contactpage-sidebar-block&#8221;][vc_custom_heading text=&#8221;SOCIAL MEDIA&#8221; font_container=&#8221;tag:h6|font_size:18px|text_align:left|line_height:32px&#8221; use_theme_fonts=&#8221;yes&#8221; el_class=&#8221;text767-align-center&#8221;]<div id=\"et-social-links-1\" class=\"et-social-links social-links et-clearfix full styling-original-false\"><style>#et-social-links-1 a {color:#212121;box-shadow:inset 0 0 0 2px #212121;border-radius:4px;}#et-social-links-1 a:hover {color:#4194ec;box-shadow:inset 0 0 0 2px #4194ec;}<\/style><a class=\"et-icon-facebook\" href=\"https:\/\/facebook.com\/ebla-export\/\" target=\"_blank\"><\/a><a class=\"et-icon-instagram\" href=\"https:\/\/instagram.com\/ebla-co\/\" target=\"_blank\"><\/a><a class=\"et-icon-twitter\" href=\"https:\/\/twitter.com\/ebla-co\/\" target=\"_blank\"><\/a><a class=\"et-icon-linkedin\" href=\"https:\/\/linkedin.com\/ebla-co\/\" target=\"_blank\"><\/a><\/div><div class=\"gap et-clearfix \" style=\"height:56px\"><\/div>[vc_custom_heading text=&#8221;GENERAL ADMINISTRATION&#8221; font_container=&#8221;tag:h6|font_size:18px|text_align:left|line_height:32px&#8221; use_theme_fonts=&#8221;yes&#8221; el_class=&#8221;text767-align-center&#8221;][vc_column_text css=&#8221;.vc_custom_1676346295975{margin-bottom: 0px !important;}&#8221; el_id=&#8221;contact-page-sidebar-address-top&#8221;]<div class=\"et-el-icon extra-small \" style=\"color:#4194EC;\"><span class=\"el-icon fa fa-map-marker-alt animate-false\"><\/span><\/div> <span id=\"contactpage-sidebar-address\" class=\"top-one\">Th\u00f6k\u00f6ly \u00fat 15. 1158 Budapest<\/span>[\/vc_column_text][vc_custom_heading text=&#8221;PHONE&#8221; font_container=&#8221;tag:h6|font_size:18px|text_align:left|line_height:32px&#8221; use_theme_fonts=&#8221;yes&#8221; el_class=&#8221;text767-align-center&#8221;][vc_column_text css=&#8221;.vc_custom_1663179428176{margin-bottom: 0px !important;}&#8221;]<div class=\"et-el-icon extra-small \" style=\"color:#4194EC;\"><span class=\"el-icon fa fa-phone animate-false\"><\/span><\/div> +36 30 77 77 707<br \/>\n<div class=\"et-el-icon extra-small \" style=\"color:#4194EC;\"><span class=\"el-icon fa fa-phone animate-false\"><\/span><\/div> +90 536 601 65 60<br \/>\n<div class=\"et-el-icon extra-small \" style=\"color:#4194EC;\"><span class=\"el-icon fa fa-phone animate-false\"><\/span><\/div> +971 52 867 87 85[\/vc_column_text]<div class=\"gap et-clearfix \" style=\"height:24px\"><\/div>[vc_custom_heading text=&#8221;EMAIL&#8221; font_container=&#8221;tag:h6|font_size:18px|text_align:left|line_height:32px&#8221; use_theme_fonts=&#8221;yes&#8221; el_class=&#8221;text767-align-center&#8221;][vc_column_text css=&#8221;.vc_custom_1663178764256{margin-bottom: 0px !important;}&#8221;]<div class=\"et-el-icon extra-small \" style=\"color:#4194EC;\"><span class=\"el-icon fa fa-envelope-open animate-false\"><\/span><\/div> contact@ebla-co.net[\/vc_column_text]<div class=\"gap et-clearfix \" style=\"height:24px\"><\/div>[vc_custom_heading text=&#8221;MAILING ADDRESS&#8221; font_container=&#8221;tag:h6|font_size:18px|text_align:left|line_height:32px&#8221; use_theme_fonts=&#8221;yes&#8221; el_class=&#8221;text767-align-center&#8221;][vc_column_text css=&#8221;.vc_custom_1676346308440{margin-bottom: 0px !important;}&#8221; el_id=&#8221;contact-page-sidebar-address-bottom&#8221;]<div class=\"et-el-icon extra-small \" style=\"color:#4194EC;\"><span class=\"el-icon fa fa-map-marker-alt animate-false\"><\/span><\/div> <span id=\"contactpage-sidebar-address\">Honv\u00e9d u. 8. I.\/2. 1054 Budapest<\/span>[\/vc_column_text][\/vc_column][\/vc_row]<\/p>\n<\/div>","protected":false},"excerpt":{"rendered":"<p>Leverage agile frameworks to provide a robust synopsis for high level overviews. Iterative approaches to corporate strategy foster collaborative thinking to further the overall value proposition. Organically grow the holistic world view of disruptive innovation via workplace diversity and empowerment.<\/p>\n","protected":false},"author":1,"featured_media":0,"parent":0,"menu_order":0,"comment_status":"closed","ping_status":"closed","template":"page-vc.php","meta":{"footnotes":""},"class_list":["post-14820","page","type-page","status-publish","hentry"],"yoast_head":"<!-- This site is optimized with the Yoast SEO plugin v27.4 - https:\/\/yoast.com\/product\/yoast-seo-wordpress\/ -->\n<title>Contact Us - EBLA Export<\/title>\n<meta name=\"robots\" content=\"index, follow, max-snippet:-1, max-image-preview:large, max-video-preview:-1\" \/>\n<link rel=\"canonical\" href=\"https:\/\/ebla-co.net\/en\/contact-us\/\" \/>\n<meta property=\"og:locale\" content=\"en_US\" \/>\n<meta property=\"og:type\" content=\"article\" \/>\n<meta property=\"og:title\" content=\"Contact Us - EBLA Export\" \/>\n<meta property=\"og:description\" content=\"Leverage agile frameworks to provide a robust synopsis for high level overviews. Iterative approaches to corporate strategy foster collaborative thinking to further the overall value proposition. Organically grow the holistic world view of disruptive innovation via workplace diversity and empowerment.\" \/>\n<meta property=\"og:url\" content=\"https:\/\/ebla-co.net\/en\/contact-us\/\" \/>\n<meta property=\"og:site_name\" content=\"EBLA Export\" \/>\n<meta property=\"article:modified_time\" content=\"2025-01-29T21:28:33+00:00\" \/>\n<meta name=\"twitter:card\" content=\"summary_large_image\" \/>\n<meta name=\"twitter:label1\" content=\"Est. reading time\" \/>\n\t<meta name=\"twitter:data1\" content=\"3 minutes\" \/>\n<script type=\"application\/ld+json\" class=\"yoast-schema-graph\">{\"@context\":\"https:\\\/\\\/schema.org\",\"@graph\":[{\"@type\":\"WebPage\",\"@id\":\"https:\\\/\\\/ebla-co.net\\\/en\\\/contact-us\\\/\",\"url\":\"https:\\\/\\\/ebla-co.net\\\/en\\\/contact-us\\\/\",\"name\":\"Contact Us - EBLA Export\",\"isPartOf\":{\"@id\":\"https:\\\/\\\/ebla-co.net\\\/#website\"},\"datePublished\":\"2018-02-28T07:40:59+00:00\",\"dateModified\":\"2025-01-29T21:28:33+00:00\",\"breadcrumb\":{\"@id\":\"https:\\\/\\\/ebla-co.net\\\/en\\\/contact-us\\\/#breadcrumb\"},\"inLanguage\":\"en-US\",\"potentialAction\":[{\"@type\":\"ReadAction\",\"target\":[\"https:\\\/\\\/ebla-co.net\\\/en\\\/contact-us\\\/\"]}]},{\"@type\":\"BreadcrumbList\",\"@id\":\"https:\\\/\\\/ebla-co.net\\\/en\\\/contact-us\\\/#breadcrumb\",\"itemListElement\":[{\"@type\":\"ListItem\",\"position\":1,\"name\":\"Home\",\"item\":\"https:\\\/\\\/ebla-co.net\\\/en\\\/\"},{\"@type\":\"ListItem\",\"position\":2,\"name\":\"Contact Us\"}]},{\"@type\":\"WebSite\",\"@id\":\"https:\\\/\\\/ebla-co.net\\\/#website\",\"url\":\"https:\\\/\\\/ebla-co.net\\\/\",\"name\":\"EBLA Export\",\"description\":\"\",\"potentialAction\":[{\"@type\":\"SearchAction\",\"target\":{\"@type\":\"EntryPoint\",\"urlTemplate\":\"https:\\\/\\\/ebla-co.net\\\/?s={search_term_string}\"},\"query-input\":{\"@type\":\"PropertyValueSpecification\",\"valueRequired\":true,\"valueName\":\"search_term_string\"}}],\"inLanguage\":\"en-US\"}]}<\/script>\n<!-- \/ Yoast SEO plugin. -->","yoast_head_json":{"title":"Contact Us - EBLA Export","robots":{"index":"index","follow":"follow","max-snippet":"max-snippet:-1","max-image-preview":"max-image-preview:large","max-video-preview":"max-video-preview:-1"},"canonical":"https:\/\/ebla-co.net\/en\/contact-us\/","og_locale":"en_US","og_type":"article","og_title":"Contact Us - EBLA Export","og_description":"Leverage agile frameworks to provide a robust synopsis for high level overviews. Iterative approaches to corporate strategy foster collaborative thinking to further the overall value proposition. Organically grow the holistic world view of disruptive innovation via workplace diversity and empowerment.","og_url":"https:\/\/ebla-co.net\/en\/contact-us\/","og_site_name":"EBLA Export","article_modified_time":"2025-01-29T21:28:33+00:00","twitter_card":"summary_large_image","twitter_misc":{"Est. reading time":"3 minutes"},"schema":{"@context":"https:\/\/schema.org","@graph":[{"@type":"WebPage","@id":"https:\/\/ebla-co.net\/en\/contact-us\/","url":"https:\/\/ebla-co.net\/en\/contact-us\/","name":"Contact Us - EBLA Export","isPartOf":{"@id":"https:\/\/ebla-co.net\/#website"},"datePublished":"2018-02-28T07:40:59+00:00","dateModified":"2025-01-29T21:28:33+00:00","breadcrumb":{"@id":"https:\/\/ebla-co.net\/en\/contact-us\/#breadcrumb"},"inLanguage":"en-US","potentialAction":[{"@type":"ReadAction","target":["https:\/\/ebla-co.net\/en\/contact-us\/"]}]},{"@type":"BreadcrumbList","@id":"https:\/\/ebla-co.net\/en\/contact-us\/#breadcrumb","itemListElement":[{"@type":"ListItem","position":1,"name":"Home","item":"https:\/\/ebla-co.net\/en\/"},{"@type":"ListItem","position":2,"name":"Contact Us"}]},{"@type":"WebSite","@id":"https:\/\/ebla-co.net\/#website","url":"https:\/\/ebla-co.net\/","name":"EBLA Export","description":"","potentialAction":[{"@type":"SearchAction","target":{"@type":"EntryPoint","urlTemplate":"https:\/\/ebla-co.net\/?s={search_term_string}"},"query-input":{"@type":"PropertyValueSpecification","valueRequired":true,"valueName":"search_term_string"}}],"inLanguage":"en-US"}]}},"_links":{"self":[{"href":"https:\/\/ebla-co.net\/en\/wp-json\/wp\/v2\/pages\/14820","targetHints":{"allow":["GET"]}}],"collection":[{"href":"https:\/\/ebla-co.net\/en\/wp-json\/wp\/v2\/pages"}],"about":[{"href":"https:\/\/ebla-co.net\/en\/wp-json\/wp\/v2\/types\/page"}],"author":[{"embeddable":true,"href":"https:\/\/ebla-co.net\/en\/wp-json\/wp\/v2\/users\/1"}],"replies":[{"embeddable":true,"href":"https:\/\/ebla-co.net\/en\/wp-json\/wp\/v2\/comments?post=14820"}],"version-history":[{"count":18,"href":"https:\/\/ebla-co.net\/en\/wp-json\/wp\/v2\/pages\/14820\/revisions"}],"predecessor-version":[{"id":15510,"href":"https:\/\/ebla-co.net\/en\/wp-json\/wp\/v2\/pages\/14820\/revisions\/15510"}],"wp:attachment":[{"href":"https:\/\/ebla-co.net\/en\/wp-json\/wp\/v2\/media?parent=14820"}],"curies":[{"name":"wp","href":"https:\/\/api.w.org\/{rel}","templated":true}]}}