{"id":14815,"date":"2018-06-14T09:32:25","date_gmt":"2018-06-14T09:32:25","guid":{"rendered":"https:\/\/ebla-co.net\/?page_id=14815"},"modified":"2023-02-15T01:52:27","modified_gmt":"2023-02-15T01:52:27","slug":"about-us","status":"publish","type":"page","link":"https:\/\/ebla-co.net\/en\/about-us\/","title":{"rendered":"About Us"},"content":{"rendered":"<div class=\"wpb-content-wrapper\"><p>[vc_section][vc_row css=&#8221;.vc_custom_1669035953212{padding-top: 96px !important;}&#8221;][vc_column]<h1 id=\"et-animated-title-1\" class=\"et-animated-title et-clearfix  words-direct\" data-mobile-font=\"32px\" data-tablet-font=\"inherit\" data-delay=\"100\" style=\"font-size:48px;font-weight:700;line-height:56px;color:#212121;\"><span class=\"text-wrapper\"><span class=\"text\"><span class=\"highlight\" style=\"color: #fd8c40;\">EBLA EXPORT<\/span> LTD.<\/span><\/span><\/h1><div class=\"gap et-clearfix \" style=\"height:56px\"><\/div>[\/vc_column][\/vc_row][vc_row el_id=&#8221;aboutpage-leftright-row-one&#8221;][vc_column animation_delay=&#8221;0&#8243; width=&#8221;2\/5&#8243; offset=&#8221;vc_col-lg-2\/5 vc_col-md-2\/5 vc_col-xs-12&#8243;]<h4 id=\"et-animated-title-2\" class=\"et-animated-title et-clearfix aboutpage-leftright-title words-direct\" data-mobile-font=\"18px\" data-tablet-font=\"inherit\" data-delay=\"100\" style=\"font-size:24px;font-weight:700;line-height:36px;color:#212121;\"><span class=\"text-wrapper\"><span class=\"text\">OUR BUSINESS<\/span><\/span><\/h4><div class=\"gap et-clearfix \" style=\"height:18px\"><\/div>[vc_column_text el_class=&#8221;aboutpage-leftright-txtblock&#8221;]<\/p>\n<p style=\"font-size: 18px; line-height: 32px;\">EBLA LTD is a business that connects the European Union with the Middle East. Our main profile is the exporting of strategic products and technology transfers, but we also provide shipping, freighting and customs-related services and market research.<\/p>\n<p>[\/vc_column_text][\/vc_column][vc_column animation_delay=&#8221;0&#8243; width=&#8221;3\/5&#8243; css=&#8221;.vc_custom_1676350544223{padding-top: 140px !important;padding-bottom: 140px !important;background-image: url(https:\/\/ebla-co.net\/wp-content\/uploads\/2023\/02\/01-about-us-cegunkrol.jpg?id=14753) !important;background-position: center !important;background-repeat: no-repeat !important;background-size: cover !important;}&#8221; el_class=&#8221;aboutpage-leftright-imgblock&#8221; offset=&#8221;vc_col-lg-3\/5 vc_col-md-3\/5 vc_col-xs-12&#8243; el_id=&#8221;cegunkrol&#8221;][\/vc_column][\/vc_row][vc_row el_id=&#8221;aboutpage-leftright-row-two&#8221;][vc_column animation_delay=&#8221;0&#8243; width=&#8221;3\/5&#8243; css=&#8221;.vc_custom_1676350119212{padding-top: 140px !important;padding-bottom: 140px !important;background-image: url(https:\/\/ebla-co.net\/wp-content\/uploads\/2023\/02\/02-about-us-vizionk-v2.jpg?id=14759) !important;}&#8221; el_class=&#8221;aboutpage-leftright-imgblock&#8221; offset=&#8221;vc_col-lg-3\/5 vc_col-md-3\/5 vc_col-xs-12&#8243; el_id=&#8221;vizionk&#8221;][\/vc_column][vc_column animation_delay=&#8221;0&#8243; width=&#8221;2\/5&#8243; offset=&#8221;vc_col-lg-2\/5 vc_col-md-2\/5 vc_col-xs-12&#8243; el_id=&#8221;about-row-two-right&#8221;]<h4 id=\"et-animated-title-3\" class=\"et-animated-title et-clearfix aboutpage-leftright-title words-direct\" data-mobile-font=\"18px\" data-tablet-font=\"inherit\" data-delay=\"100\" style=\"font-size:24px;font-weight:700;line-height:36px;color:#212121;\"><span class=\"text-wrapper\"><span class=\"text\">OUR VISION<\/span><\/span><\/h4><div class=\"gap et-clearfix \" style=\"height:18px\"><\/div>[vc_column_text el_class=&#8221;aboutpage-leftright-txtblock&#8221;]<\/p>\n<p style=\"font-size: 18px; line-height: 32px;\">Our vision is to create a business environment where everyone involved can feel like the project is their own.<br \/>\nThe business model we use ensures that each party will not just realize profit, but will find mutually added value as well.<\/p>\n<p>[\/vc_column_text][\/vc_column][\/vc_row][vc_row css=&#8221;.vc_custom_1669036427812{padding-bottom: 96px !important;}&#8221; el_id=&#8221;aboutpage-leftright-row-three&#8221;][vc_column animation_delay=&#8221;0&#8243; width=&#8221;2\/5&#8243; offset=&#8221;vc_col-lg-2\/5 vc_col-md-2\/5 vc_col-xs-12&#8243;]<h4 id=\"et-animated-title-4\" class=\"et-animated-title et-clearfix aboutpage-leftright-title words-direct\" data-mobile-font=\"18px\" data-tablet-font=\"inherit\" data-delay=\"100\" style=\"font-size:24px;font-weight:700;line-height:36px;color:#212121;\"><span class=\"text-wrapper\"><span class=\"text\">K\u00dcLDET\u00c9S\u00dcNK<\/span><\/span><\/h4><div class=\"gap et-clearfix \" style=\"height:18px\"><\/div>[vc_column_text el_class=&#8221;aboutpage-leftright-txtblock&#8221;]<\/p>\n<p style=\"font-size: 18px; line-height: 32px;\">Az ell\u00e1t\u00e1si l\u00e1ncok folyamatoss\u00e1g\u00e1nak biztos\u00edt\u00e1sa a k\u00fcls\u0151 \u00e9s bels\u0151 zavarok ellen\u00e9re. Legyen az energiav\u00e1ls\u00e1g, h\u00e1bor\u00fak vagy term\u00e9szeti katasztr\u00f3f\u00e1k. Ehhez alapvet\u0151en olyan orsz\u00e1gokban m\u0171k\u00f6dtet\u00fcnk infrastrukt\u00far\u00e1t, ahol alapvet\u0151en kr\u00edzishelyzet uralkodik. Ezzel szavatolva az \u00e1lland\u00f3 k\u00e9sz\u00fclts\u00e9get, mik\u00f6zben munk\u00e1t \u00e9s \u00e9lelmez\u00e9st biztos\u00edtunk a termel\u0151 orsz\u00e1gok szerepl\u0151inek.<\/p>\n<p>[\/vc_column_text][\/vc_column][vc_column animation_delay=&#8221;0&#8243; width=&#8221;3\/5&#8243; el_class=&#8221;aboutpage-leftright-imgblock&#8221; css=&#8221;.vc_custom_1676350649339{padding-top: 140px !important;padding-bottom: 140px !important;background-image: url(https:\/\/ebla-co.net\/wp-content\/uploads\/2023\/02\/03-about-kuldetesunk.jpg?id=14764) !important;background-position: center !important;background-repeat: no-repeat !important;background-size: cover !important;}&#8221; offset=&#8221;vc_col-lg-3\/5 vc_col-md-3\/5 vc_col-xs-12&#8243; el_id=&#8221;kuldetesunk&#8221;][\/vc_column][\/vc_row][\/vc_section][vc_row full_width=&#8221;stretch_row&#8221; gap=&#8221;0&#8243; css=&#8221;.vc_custom_1663238535203{padding-top: 96px !important;padding-bottom: 72px !important;background-color: #f5f5f5 !important;}&#8221; el_class=&#8221;et-carousel-custom-nav-color&#8221; el_id=&#8221;aboutpage-team&#8221;][vc_column animation_delay=&#8221;0&#8243; css_animation=&#8221;none&#8221;]<h6 class=\"et-highlight-title \" style=\"font-size:12px;font-weight:700;line-height:24px;letter-spacing:0.5px;color:#9a9a9a;\" data-mobile-font=\"inherit\" data-tablet-font=\"inherit\"><span class=\"title-inner\">Our Team<span class=\"highlight-line\" style=\"background-color:#4194ec;\"><\/span><\/span><\/h6><h3 id=\"et-animated-title-5\" class=\"et-animated-title et-clearfix  words-direct\" data-mobile-font=\"32px\" data-tablet-font=\"inherit\" data-delay=\"100\" style=\"font-size:48px;font-weight:700;line-height:56px;color:#212121;\"><span class=\"text-wrapper\"><span class=\"text\">The <span class=\"highlight\" style=\"color: #4194ec;\">EBLA<\/span> team<\/span><\/span><\/h3><div class=\"gap et-clearfix \" style=\"height:56px\"><\/div><div class=\"et-carousel-wrapper\"><style>#loop-carousel-1 .loop-carousel {margin-left:-20px;margin-right:-20px;}#loop-carousel-1 .loop-carousel .et-carousel-item {padding-left:20px;padding-right:20px;padding-bottom:40px}#loop-carousel-1 .owl-nav > .owl-prev {left:-72px}#loop-carousel-1 .owl-nav > .owl-next {right:-72px}<\/style><div id=\"loop-carousel-1\" class=\"loop-carousel et-clearfix autoplay-false navigation-only-arrows\"><div class=\"owl-carousel loop-carousel\" data-columns=\"3\"><div class=\"et-carousel-item et-clearfix\"><div id=\"et-person-1\" class=\"et-person\"><div class=\"overlay-hover\"><div class=\"image post-image\"><div class=\"image-container\"><img loading=\"lazy\" decoding=\"async\" width=\"588\" height=\"588\" alt=\"\" src=\"https:\/\/ebla-co.net\/wp-content\/uploads\/2022\/09\/placeholder_male.jpg\"><\/div><\/div><div class=\"et-social-links social-links full et-clearfix\"><a class=\"et-icon-email\" href=\"mailto:support@enovathemes.com\"><\/a><\/div><\/div><div class=\"stylish-box-wrapper et-clearfix under-image-content\"><div class=\"stylish-box\"><p class=\"person-subtitle stylish-dash\">CEO<\/p><h5 class=\"person-title\">El-Khalid Ibrahim Imre<\/h5><\/div><div class=\"stylish-box\"><a href=\"#\" class=\"et-button stylish-button small\">Contacts<\/a><\/div><\/div><\/div><\/div><\/div><\/div><\/div>[\/vc_column][\/vc_row][vc_row css=&#8221;.vc_custom_1531321123594{padding-top: 72px !important;padding-bottom: 72px !important;}&#8221;][vc_column][vc_row_inner][vc_column_inner width=&#8221;1\/6&#8243;][\/vc_column_inner][vc_column_inner el_class=&#8221;text-align-center&#8221; width=&#8221;2\/3&#8243;]<h3 id=\"et-animated-title-6\" class=\"et-animated-title et-clearfix  words-direct\" data-mobile-font=\"32px\" data-tablet-font=\"inherit\" data-delay=\"100\" style=\"font-size:48px;font-weight:700;line-height:56px;color:#212121;\"><span class=\"text-wrapper\"><span class=\"text\">Our History<\/span><\/span><\/h3><div class=\"gap et-clearfix \" style=\"height:32px\"><\/div>[vc_custom_heading text=&#8221;Our business was started with family and friends in order to connect Hungary to the Emirates.&#8221; font_container=&#8221;tag:p|font_size:24px|text_align:center|line_height:32px&#8221; use_theme_fonts=&#8221;yes&#8221;][\/vc_column_inner][vc_column_inner width=&#8221;1\/6&#8243;][\/vc_column_inner][\/vc_row_inner]<div class=\"et-timeline-wrapper\"><div id=\"et-timeline-1\" class=\"et-timeline et-clearfix\"><div class=\"et-timeline-item et-clearfix\"><h5 class=\"timeline-item-title\">2018<\/h5><span class=\"timeline-item-icon fa fa-map-marker-alt\"><\/span><div id=\"2018-1\" class=\"timeline-item-content et-clearfix\">[vc_custom_heading text=&#8221;Business founded&#8221; font_container=&#8221;tag:h5|text_align:left&#8221; use_theme_fonts=&#8221;yes&#8221;][vc_column_text]After establishing the business, we started looking for oppurtinities in the construction sector.[\/vc_column_text]<\/div><\/div><div class=\"et-timeline-item et-clearfix\"><h5 class=\"timeline-item-title\">2019<\/h5><span class=\"timeline-item-icon fa fa-map-marker-alt\"><\/span><div id=\"2019-2\" class=\"timeline-item-content et-clearfix\">[vc_custom_heading text=&#8221;The first construction&#8221; font_container=&#8221;tag:h5|text_align:left&#8221; use_theme_fonts=&#8221;yes&#8221;][vc_column_text]<span class=\"fontstyle0\">Our reference projects include the Buda\u00f6rs Stadium and the completion of parts of the Liget Project as a subcontractor.<\/span>[\/vc_column_text]<\/div><\/div><div class=\"et-timeline-item et-clearfix\"><h5 class=\"timeline-item-title\">2020<\/h5><span class=\"timeline-item-icon fa fa-map-marker-alt\"><\/span><div id=\"2020-3\" class=\"timeline-item-content et-clearfix\">[vc_custom_heading text=&#8221;Medicine wholesale&#8221; font_container=&#8221;tag:h5|text_align:left&#8221; use_theme_fonts=&#8221;yes&#8221;][vc_column_text]<span class=\"fontstyle0\">We endeavored to comply with all the necessary requirements. Shortly after we acquired a N\u00c9BIH license.<\/span>[\/vc_column_text]<\/div><\/div><div class=\"et-timeline-item et-clearfix\"><h5 class=\"timeline-item-title\">2021<\/h5><span class=\"timeline-item-icon fa fa-map-marker-alt\"><\/span><div id=\"2021-4\" class=\"timeline-item-content et-clearfix\">[vc_custom_heading text=&#8221;Importing agricultural products&#8221; font_container=&#8221;tag:h5|text_align:left&#8221; use_theme_fonts=&#8221;yes&#8221;][vc_column_text]<span class=\"fontstyle0\">The first 20 ton shipment of garlic started from South Turkiye in a refrigirated truck.<\/span>[\/vc_column_text]<\/div><\/div><div class=\"et-timeline-item et-clearfix\"><h5 class=\"timeline-item-title\">2022<\/h5><span class=\"timeline-item-icon fa fa-map-marker-alt\"><\/span><div id=\"2022-5\" class=\"timeline-item-content et-clearfix\">[vc_custom_heading text=&#8221;Importing construction products&#8221; font_container=&#8221;tag:h5|text_align:left&#8221; use_theme_fonts=&#8221;yes&#8221;][vc_column_text]<span class=\"fontstyle0\">Our first shipment arrived via a ship in a 40foot container. The first shipment was only plastering materials, but later we started shipping adhesives and insulation as well.<br \/>\n<\/span>[\/vc_column_text]<\/div><\/div><\/div><\/div>[\/vc_column][\/vc_row][vc_row full_width=&#8221;stretch_row_content&#8221; gap=&#8221;0&#8243; content_placement=&#8221;middle&#8221; css=&#8221;.vc_custom_1669031780495{padding-top: 72px !important;padding-bottom: 96px !important;background-color: #f5f5f5 !important;}&#8221; el_class=&#8221;page-bottom-partners-carousel-row&#8221;][vc_column animation_delay=&#8221;0&#8243; css_animation=&#8221;fadeIn&#8221; under480_padding_left=&#8221;5%&#8221; under480_padding_right=&#8221;5%&#8221; over480_under_768_padding_left=&#8221;5%&#8221; over480_under_768_padding_right=&#8221;5%&#8221; css=&#8221;.vc_custom_1531147174162{padding-right: 120px !important;padding-left: 120px !important;}&#8221;]<div class=\"et-client-wrapper\"><style>#loop-client-1{margin-left:-12px;margin-right:-12px;}#loop-client-1 .et-item {padding-left:12px;padding-right:12px;}#loop-client-1 .owl-nav > .owl-prev {left:-56px}#loop-client-1 .owl-nav > .owl-next {right:-56px}<\/style><div id=\"loop-client-1\" data-columns=\"6\" class=\"loop-client with-gap owl-carousel effect-none et-item-set et-clearfix\"><div class=\"et-item et-client-item\"><div class=\"et-item-inner\"><div class=\"client-content et-clearfix\"><a href=\"\/\/themeforest.net\" target=\"_blank\"><img loading=\"lazy\" decoding=\"async\" width=\"280\" height=\"185\" alt=\"\" src=\"https:\/\/ebla-co.net\/wp-content\/uploads\/2018\/07\/client1.jpg\"><\/a><\/div><\/div><\/div><div class=\"et-item et-client-item\"><div class=\"et-item-inner\"><div class=\"client-content et-clearfix\"><a href=\"\/\/videohive.net\" target=\"_blank\"><img loading=\"lazy\" decoding=\"async\" width=\"280\" height=\"185\" alt=\"\" src=\"https:\/\/ebla-co.net\/wp-content\/uploads\/2018\/07\/client2.jpg\"><\/a><\/div><\/div><\/div><div class=\"et-item et-client-item\"><div class=\"et-item-inner\"><div class=\"client-content et-clearfix\"><a href=\"\/\/photodune.net\" target=\"_blank\"><img loading=\"lazy\" decoding=\"async\" width=\"280\" height=\"185\" alt=\"\" src=\"https:\/\/ebla-co.net\/wp-content\/uploads\/2018\/07\/client3.jpg\"><\/a><\/div><\/div><\/div><div class=\"et-item et-client-item\"><div class=\"et-item-inner\"><div class=\"client-content et-clearfix\"><a href=\"\/\/graphicriver.net\" target=\"_blank\"><img loading=\"lazy\" decoding=\"async\" width=\"280\" height=\"185\" alt=\"\" src=\"https:\/\/ebla-co.net\/wp-content\/uploads\/2018\/07\/client4.jpg\"><\/a><\/div><\/div><\/div><div class=\"et-item et-client-item\"><div class=\"et-item-inner\"><div class=\"client-content et-clearfix\"><a href=\"\/\/codecanyon.net\" target=\"_blank\"><img loading=\"lazy\" decoding=\"async\" width=\"280\" height=\"185\" alt=\"\" src=\"https:\/\/ebla-co.net\/wp-content\/uploads\/2018\/07\/client5.jpg\"><\/a><\/div><\/div><\/div><div class=\"et-item et-client-item\"><div class=\"et-item-inner\"><div class=\"client-content et-clearfix\"><a href=\"\/\/audiojungle.net\" target=\"_blank\"><img loading=\"lazy\" decoding=\"async\" width=\"280\" height=\"185\" alt=\"\" src=\"https:\/\/ebla-co.net\/wp-content\/uploads\/2018\/07\/client6.jpg\"><\/a><\/div><\/div><\/div><div class=\"et-item et-client-item\"><div class=\"et-item-inner\"><div class=\"client-content et-clearfix\"><a href=\"\/\/3docean.net\" target=\"_blank\"><img loading=\"lazy\" decoding=\"async\" width=\"280\" height=\"185\" alt=\"\" src=\"https:\/\/ebla-co.net\/wp-content\/uploads\/2018\/07\/client7.jpg\"><\/a><\/div><\/div><\/div><div class=\"et-item et-client-item\"><div class=\"et-item-inner\"><div class=\"client-content et-clearfix\"><a href=\"\/\/market.envato.com\" target=\"_blank\"><img loading=\"lazy\" decoding=\"async\" width=\"280\" height=\"185\" alt=\"\" src=\"https:\/\/ebla-co.net\/wp-content\/uploads\/2018\/07\/client8.jpg\"><\/a><\/div><\/div><\/div><\/div><\/div>[\/vc_column][\/vc_row][vc_row full_width=&#8221;stretch_row_content&#8221; gap=&#8221;0&#8243; css=&#8221;.vc_custom_1530608429182{background: #f5f5f5 url(https:\/\/enovathemes.com\/globax\/wp-content\/uploads\/globus_image_extra_smal.jpg?id=11490) !important;background-position: center !important;background-repeat: no-repeat !important;background-size: cover !important;}&#8221;][vc_column animation_delay=&#8221;0&#8243; css=&#8221;.vc_custom_1530608688047{padding-top: 0px !important;}&#8221;]<div class=\"et-tagline-wrapper\"><style>#et-tagline-1 {background-color:rgba(255,255,255,0.01);}#et-tagline-1 .tagline-title{color:#212121;}#et-tagline-1 .tagline-button{color:#ffffff;background-color:#4194ec;}#et-tagline-1 .tagline-button:hover{background-color:#004ea0;color:#ffffff;}#et-tagline-1 .tagline-icon{}<\/style><div id=\"et-tagline-1\" class=\"et-tagline\"><div class=\"tagline-container\"><h3 class=\"tagline-title\">Have any questions? Feel free to call!<\/h3><div class=\"tagline-button-wrapper\"><a href=\"tel:+36307777707\" class=\"tagline-button et-button large\">Call Now<\/a><\/div><\/div><\/div><\/div>[\/vc_column][\/vc_row]<\/p>\n<\/div>","protected":false},"excerpt":{"rendered":"<p>Leverage agile frameworks to provide a robust synopsis for high level overviews. Iterative approaches to corporate strategy foster collaborative thinking to further the overall value proposition. Organically grow the holistic world view of disruptive innovation via workplace diversity and empowerment.<\/p>\n","protected":false},"author":1,"featured_media":0,"parent":0,"menu_order":0,"comment_status":"closed","ping_status":"closed","template":"page-vc.php","meta":{"footnotes":""},"class_list":["post-14815","page","type-page","status-publish","hentry"],"yoast_head":"<!-- This site is optimized with the Yoast SEO plugin v27.4 - https:\/\/yoast.com\/product\/yoast-seo-wordpress\/ -->\n<title>About Us - EBLA Export<\/title>\n<meta name=\"robots\" content=\"index, follow, max-snippet:-1, max-image-preview:large, max-video-preview:-1\" \/>\n<link rel=\"canonical\" href=\"https:\/\/ebla-co.net\/rolunk\/\" \/>\n<meta property=\"og:locale\" content=\"en_US\" \/>\n<meta property=\"og:type\" content=\"article\" \/>\n<meta property=\"og:title\" content=\"About Us - EBLA Export\" \/>\n<meta property=\"og:description\" content=\"Leverage agile frameworks to provide a robust synopsis for high level overviews. Iterative approaches to corporate strategy foster collaborative thinking to further the overall value proposition. Organically grow the holistic world view of disruptive innovation via workplace diversity and empowerment.\" \/>\n<meta property=\"og:url\" content=\"https:\/\/ebla-co.net\/rolunk\/\" \/>\n<meta property=\"og:site_name\" content=\"EBLA Export\" \/>\n<meta property=\"article:modified_time\" content=\"2023-02-15T01:52:27+00:00\" \/>\n<meta name=\"twitter:card\" content=\"summary_large_image\" \/>\n<meta name=\"twitter:label1\" content=\"Est. reading time\" \/>\n\t<meta name=\"twitter:data1\" content=\"3 minutes\" \/>\n<script type=\"application\/ld+json\" class=\"yoast-schema-graph\">{\"@context\":\"https:\\\/\\\/schema.org\",\"@graph\":[{\"@type\":\"WebPage\",\"@id\":\"https:\\\/\\\/ebla-co.net\\\/rolunk\\\/\",\"url\":\"https:\\\/\\\/ebla-co.net\\\/rolunk\\\/\",\"name\":\"About Us - EBLA Export\",\"isPartOf\":{\"@id\":\"https:\\\/\\\/ebla-co.net\\\/#website\"},\"datePublished\":\"2018-06-14T09:32:25+00:00\",\"dateModified\":\"2023-02-15T01:52:27+00:00\",\"breadcrumb\":{\"@id\":\"https:\\\/\\\/ebla-co.net\\\/rolunk\\\/#breadcrumb\"},\"inLanguage\":\"en-US\",\"potentialAction\":[{\"@type\":\"ReadAction\",\"target\":[\"https:\\\/\\\/ebla-co.net\\\/rolunk\\\/\"]}]},{\"@type\":\"BreadcrumbList\",\"@id\":\"https:\\\/\\\/ebla-co.net\\\/rolunk\\\/#breadcrumb\",\"itemListElement\":[{\"@type\":\"ListItem\",\"position\":1,\"name\":\"Home\",\"item\":\"https:\\\/\\\/ebla-co.net\\\/en\\\/\"},{\"@type\":\"ListItem\",\"position\":2,\"name\":\"About Us\"}]},{\"@type\":\"WebSite\",\"@id\":\"https:\\\/\\\/ebla-co.net\\\/#website\",\"url\":\"https:\\\/\\\/ebla-co.net\\\/\",\"name\":\"EBLA Export\",\"description\":\"\",\"potentialAction\":[{\"@type\":\"SearchAction\",\"target\":{\"@type\":\"EntryPoint\",\"urlTemplate\":\"https:\\\/\\\/ebla-co.net\\\/?s={search_term_string}\"},\"query-input\":{\"@type\":\"PropertyValueSpecification\",\"valueRequired\":true,\"valueName\":\"search_term_string\"}}],\"inLanguage\":\"en-US\"}]}<\/script>\n<!-- \/ Yoast SEO plugin. -->","yoast_head_json":{"title":"About Us - EBLA Export","robots":{"index":"index","follow":"follow","max-snippet":"max-snippet:-1","max-image-preview":"max-image-preview:large","max-video-preview":"max-video-preview:-1"},"canonical":"https:\/\/ebla-co.net\/rolunk\/","og_locale":"en_US","og_type":"article","og_title":"About Us - EBLA Export","og_description":"Leverage agile frameworks to provide a robust synopsis for high level overviews. Iterative approaches to corporate strategy foster collaborative thinking to further the overall value proposition. Organically grow the holistic world view of disruptive innovation via workplace diversity and empowerment.","og_url":"https:\/\/ebla-co.net\/rolunk\/","og_site_name":"EBLA Export","article_modified_time":"2023-02-15T01:52:27+00:00","twitter_card":"summary_large_image","twitter_misc":{"Est. reading time":"3 minutes"},"schema":{"@context":"https:\/\/schema.org","@graph":[{"@type":"WebPage","@id":"https:\/\/ebla-co.net\/rolunk\/","url":"https:\/\/ebla-co.net\/rolunk\/","name":"About Us - EBLA Export","isPartOf":{"@id":"https:\/\/ebla-co.net\/#website"},"datePublished":"2018-06-14T09:32:25+00:00","dateModified":"2023-02-15T01:52:27+00:00","breadcrumb":{"@id":"https:\/\/ebla-co.net\/rolunk\/#breadcrumb"},"inLanguage":"en-US","potentialAction":[{"@type":"ReadAction","target":["https:\/\/ebla-co.net\/rolunk\/"]}]},{"@type":"BreadcrumbList","@id":"https:\/\/ebla-co.net\/rolunk\/#breadcrumb","itemListElement":[{"@type":"ListItem","position":1,"name":"Home","item":"https:\/\/ebla-co.net\/en\/"},{"@type":"ListItem","position":2,"name":"About Us"}]},{"@type":"WebSite","@id":"https:\/\/ebla-co.net\/#website","url":"https:\/\/ebla-co.net\/","name":"EBLA Export","description":"","potentialAction":[{"@type":"SearchAction","target":{"@type":"EntryPoint","urlTemplate":"https:\/\/ebla-co.net\/?s={search_term_string}"},"query-input":{"@type":"PropertyValueSpecification","valueRequired":true,"valueName":"search_term_string"}}],"inLanguage":"en-US"}]}},"_links":{"self":[{"href":"https:\/\/ebla-co.net\/en\/wp-json\/wp\/v2\/pages\/14815","targetHints":{"allow":["GET"]}}],"collection":[{"href":"https:\/\/ebla-co.net\/en\/wp-json\/wp\/v2\/pages"}],"about":[{"href":"https:\/\/ebla-co.net\/en\/wp-json\/wp\/v2\/types\/page"}],"author":[{"embeddable":true,"href":"https:\/\/ebla-co.net\/en\/wp-json\/wp\/v2\/users\/1"}],"replies":[{"embeddable":true,"href":"https:\/\/ebla-co.net\/en\/wp-json\/wp\/v2\/comments?post=14815"}],"version-history":[{"count":13,"href":"https:\/\/ebla-co.net\/en\/wp-json\/wp\/v2\/pages\/14815\/revisions"}],"predecessor-version":[{"id":15398,"href":"https:\/\/ebla-co.net\/en\/wp-json\/wp\/v2\/pages\/14815\/revisions\/15398"}],"wp:attachment":[{"href":"https:\/\/ebla-co.net\/en\/wp-json\/wp\/v2\/media?parent=14815"}],"curies":[{"name":"wp","href":"https:\/\/api.w.org\/{rel}","templated":true}]}}